{"id":23162,"date":"2022-04-20T17:56:37","date_gmt":"2022-04-20T15:56:37","guid":{"rendered":"https:\/\/www.antikvariat-vodnik.si\/?post_type=product&#038;p=23162"},"modified":"2026-01-20T17:45:34","modified_gmt":"2026-01-20T16:45:34","slug":"kochen-essen-slowenien-spela-vodovc","status":"publish","type":"product","link":"https:\/\/www.antikvariat-vodnik.si\/?product=kochen-essen-slowenien-spela-vodovc","title":{"rendered":"Kochen. Essen. Slowenien., \u0160pela Vodovc"},"content":{"rendered":"<p>V nem\u0161\u010dini<\/p>\n<div class=\"product attribute overview\">\n<div class=\"value\">\n<p>&#8220;Kochen. Essen. Slownien.&#8221; is ein Kochbuch, das traditionelle slowenische Rezepte und Familiengeschichten in Ihre K\u00fcche zaubert.<\/p>\n<\/div>\n<\/div>\n<div class=\"product-reviews-summary empty\"><\/div>\n","protected":false},"excerpt":{"rendered":"<p>V nem\u0161\u010dini &#8220;Kochen. Essen. Slownien.&#8221; is ein Kochbuch, das traditionelle slowenische Rezepte und Familiengeschichten in Ihre K\u00fcche zaubert.<\/p>\n","protected":false},"featured_media":23163,"template":"","meta":{"_monsterinsights_skip_tracking":false,"_monsterinsights_sitenote_active":false,"_monsterinsights_sitenote_note":"","_monsterinsights_sitenote_category":0},"product_brand":[],"product_cat":[16,18,41],"product_tag":[],"class_list":{"0":"post-23162","1":"product","2":"type-product","3":"status-publish","4":"has-post-thumbnail","6":"product_cat-katalog-knjig","7":"product_cat-nove-knjige","8":"product_cat-zdravje-kulinarika","10":"first","11":"instock","12":"taxable","13":"shipping-taxable","14":"purchasable","15":"product-type-simple"},"jetpack_sharing_enabled":true,"_links":{"self":[{"href":"https:\/\/www.antikvariat-vodnik.si\/index.php?rest_route=\/wp\/v2\/product\/23162","targetHints":{"allow":["GET"]}}],"collection":[{"href":"https:\/\/www.antikvariat-vodnik.si\/index.php?rest_route=\/wp\/v2\/product"}],"about":[{"href":"https:\/\/www.antikvariat-vodnik.si\/index.php?rest_route=\/wp\/v2\/types\/product"}],"wp:featuredmedia":[{"embeddable":true,"href":"https:\/\/www.antikvariat-vodnik.si\/index.php?rest_route=\/wp\/v2\/media\/23163"}],"wp:attachment":[{"href":"https:\/\/www.antikvariat-vodnik.si\/index.php?rest_route=%2Fwp%2Fv2%2Fmedia&parent=23162"}],"wp:term":[{"taxonomy":"product_brand","embeddable":true,"href":"https:\/\/www.antikvariat-vodnik.si\/index.php?rest_route=%2Fwp%2Fv2%2Fproduct_brand&post=23162"},{"taxonomy":"product_cat","embeddable":true,"href":"https:\/\/www.antikvariat-vodnik.si\/index.php?rest_route=%2Fwp%2Fv2%2Fproduct_cat&post=23162"},{"taxonomy":"product_tag","embeddable":true,"href":"https:\/\/www.antikvariat-vodnik.si\/index.php?rest_route=%2Fwp%2Fv2%2Fproduct_tag&post=23162"}],"curies":[{"name":"wp","href":"https:\/\/api.w.org\/{rel}","templated":true}]}}