{"id":23160,"date":"2022-04-20T17:54:52","date_gmt":"2022-04-20T15:54:52","guid":{"rendered":"https:\/\/www.antikvariat-vodnik.si\/?post_type=product&#038;p=23160"},"modified":"2026-02-15T14:37:23","modified_gmt":"2026-02-15T13:37:23","slug":"cook-eat-slovenia-the-cookbook-spela-vodovc-2","status":"publish","type":"product","link":"https:\/\/www.antikvariat-vodnik.si\/?product=cook-eat-slovenia-the-cookbook-spela-vodovc-2","title":{"rendered":"Cook Eat Slovenia The Cookbook, \u0160pela Vodov"},"content":{"rendered":"<p>V angle\u0161\u010dini<\/p>\n<p><strong>&#8220;Cook Eat Slovenia je ve\u010d kot le kuharska knjiga. Predstavlja kulinari\u010dno tradicijo naroda in zapu\u0161\u010dino moje dru\u017eine.&#8221;<\/strong><strong><\/p>\n<p>Avtorica knjige Cook Eat Slovenia je \u0160pela Vodovc<\/strong>, ki je znana po prirejanju te\u010dajev za tuje popotnike, ki se tako sre\u010dajo s tradicionalno slovensko kuhinjo in slovenskimi recepti.<\/p>\n","protected":false},"excerpt":{"rendered":"<p>V angle\u0161\u010dini &#8220;Cook Eat Slovenia je ve\u010d kot le kuharska knjiga. Predstavlja kulinari\u010dno tradicijo naroda in zapu\u0161\u010dino moje dru\u017eine.&#8221; Avtorica knjige Cook Eat Slovenia je \u0160pela Vodovc, ki je znana po prirejanju te\u010dajev za tuje popotnike, ki se tako sre\u010dajo s tradicionalno slovensko kuhinjo in slovenskimi recepti.<\/p>\n","protected":false},"featured_media":23161,"template":"","meta":{"_monsterinsights_skip_tracking":false,"_monsterinsights_sitenote_active":false,"_monsterinsights_sitenote_note":"","_monsterinsights_sitenote_category":0},"product_brand":[],"product_cat":[18,41],"product_tag":[],"class_list":{"0":"post-23160","1":"product","2":"type-product","3":"status-publish","4":"has-post-thumbnail","6":"product_cat-nove-knjige","7":"product_cat-zdravje-kulinarika","9":"first","10":"instock","11":"taxable","12":"shipping-taxable","13":"purchasable","14":"product-type-simple"},"jetpack_sharing_enabled":true,"_links":{"self":[{"href":"https:\/\/www.antikvariat-vodnik.si\/index.php?rest_route=\/wp\/v2\/product\/23160","targetHints":{"allow":["GET"]}}],"collection":[{"href":"https:\/\/www.antikvariat-vodnik.si\/index.php?rest_route=\/wp\/v2\/product"}],"about":[{"href":"https:\/\/www.antikvariat-vodnik.si\/index.php?rest_route=\/wp\/v2\/types\/product"}],"wp:featuredmedia":[{"embeddable":true,"href":"https:\/\/www.antikvariat-vodnik.si\/index.php?rest_route=\/wp\/v2\/media\/23161"}],"wp:attachment":[{"href":"https:\/\/www.antikvariat-vodnik.si\/index.php?rest_route=%2Fwp%2Fv2%2Fmedia&parent=23160"}],"wp:term":[{"taxonomy":"product_brand","embeddable":true,"href":"https:\/\/www.antikvariat-vodnik.si\/index.php?rest_route=%2Fwp%2Fv2%2Fproduct_brand&post=23160"},{"taxonomy":"product_cat","embeddable":true,"href":"https:\/\/www.antikvariat-vodnik.si\/index.php?rest_route=%2Fwp%2Fv2%2Fproduct_cat&post=23160"},{"taxonomy":"product_tag","embeddable":true,"href":"https:\/\/www.antikvariat-vodnik.si\/index.php?rest_route=%2Fwp%2Fv2%2Fproduct_tag&post=23160"}],"curies":[{"name":"wp","href":"https:\/\/api.w.org\/{rel}","templated":true}]}}