{"id":22333,"date":"2022-03-31T17:38:58","date_gmt":"2022-03-31T15:38:58","guid":{"rendered":"https:\/\/www.antikvariat-vodnik.si\/?post_type=product&#038;p=22333"},"modified":"2022-10-06T12:36:42","modified_gmt":"2022-10-06T10:36:42","slug":"buce-in-bucne-jedi-vec-avtorjev","status":"publish","type":"product","link":"https:\/\/www.antikvariat-vodnik.si\/?product=buce-in-bucne-jedi-vec-avtorjev","title":{"rendered":"BU\u010cE IN BU\u010cNE JEDI, ve\u010d avtorjev"},"content":{"rendered":"<p class=\"Navaden1\">Bu\u010de vsebujejo veliko hranil, zato jih je treba \u010dim bolj okusno izkoristiti. S pomo\u010djo knjige spoznamo in se nau\u010dimo kulinari\u010dno pripravljati 9 vrst bu\u010d: cukete, pati\u0161onko, \u010dajoto, hokaido, sweet dumpling, maslenko, blukuri, sweet mamo in mu\u0161katno bu\u010do. Knjiga vklju\u010duje 60 receptov za pripravo razli\u010dnih jedi iz raznovrstnih bu\u010d, nekaj receptov je tudi z bu\u010dnim oljem in bu\u010dnimi semeni. Poskusite kdaj pripraviti bu\u010dno lazanjo ter zdrave hrustljav\u010dke z bu\u010dnim oljem, spe\u010di doma\u010de grisine in ameri\u0161ke bagle z bu\u010dnimi semeni, bu\u010dno poti\u010dko s pomaran\u010do ali sladke bu\u010dne mafine.<\/p>\n<p class=\"Navaden1\">Navodila za pripravo jedi so preprosta in razumljiva, dopolnjena z nasveti, kako z bu\u010dnimi jedmi navdu\u0161iti tudi najmlaj\u0161e jedce. Knjigo popestrijo uporabne podrobnosti iz sveta bu\u010d, bu\u010dnega olja in semen.<\/p>\n","protected":false},"excerpt":{"rendered":"<p>Bu\u010de vsebujejo veliko hranil, zato jih je treba \u010dim bolj okusno izkoristiti. S pomo\u010djo knjige spoznamo in se nau\u010dimo kulinari\u010dno pripravljati 9 vrst bu\u010d: cukete, pati\u0161onko, \u010dajoto, hokaido, sweet dumpling, maslenko, blukuri, sweet mamo in mu\u0161katno bu\u010do. Knjiga vklju\u010duje 60 receptov za pripravo razli\u010dnih jedi iz raznovrstnih bu\u010d, nekaj receptov je tudi z bu\u010dnim oljem [&hellip;]<\/p>\n","protected":false},"featured_media":22334,"template":"","meta":{"_monsterinsights_skip_tracking":false,"_monsterinsights_sitenote_active":false,"_monsterinsights_sitenote_note":"","_monsterinsights_sitenote_category":0},"product_brand":[],"product_cat":[18,41],"product_tag":[],"class_list":{"0":"post-22333","1":"product","2":"type-product","3":"status-publish","4":"has-post-thumbnail","6":"product_cat-nove-knjige","7":"product_cat-zdravje-kulinarika","9":"first","10":"instock","11":"taxable","12":"shipping-taxable","13":"purchasable","14":"product-type-simple"},"jetpack_sharing_enabled":true,"_links":{"self":[{"href":"https:\/\/www.antikvariat-vodnik.si\/index.php?rest_route=\/wp\/v2\/product\/22333","targetHints":{"allow":["GET"]}}],"collection":[{"href":"https:\/\/www.antikvariat-vodnik.si\/index.php?rest_route=\/wp\/v2\/product"}],"about":[{"href":"https:\/\/www.antikvariat-vodnik.si\/index.php?rest_route=\/wp\/v2\/types\/product"}],"wp:featuredmedia":[{"embeddable":true,"href":"https:\/\/www.antikvariat-vodnik.si\/index.php?rest_route=\/wp\/v2\/media\/22334"}],"wp:attachment":[{"href":"https:\/\/www.antikvariat-vodnik.si\/index.php?rest_route=%2Fwp%2Fv2%2Fmedia&parent=22333"}],"wp:term":[{"taxonomy":"product_brand","embeddable":true,"href":"https:\/\/www.antikvariat-vodnik.si\/index.php?rest_route=%2Fwp%2Fv2%2Fproduct_brand&post=22333"},{"taxonomy":"product_cat","embeddable":true,"href":"https:\/\/www.antikvariat-vodnik.si\/index.php?rest_route=%2Fwp%2Fv2%2Fproduct_cat&post=22333"},{"taxonomy":"product_tag","embeddable":true,"href":"https:\/\/www.antikvariat-vodnik.si\/index.php?rest_route=%2Fwp%2Fv2%2Fproduct_tag&post=22333"}],"curies":[{"name":"wp","href":"https:\/\/api.w.org\/{rel}","templated":true}]}}