{"id":21680,"date":"2022-03-23T18:36:52","date_gmt":"2022-03-23T17:36:52","guid":{"rendered":"https:\/\/www.antikvariat-vodnik.si\/?post_type=product&#038;p=21680"},"modified":"2025-04-27T17:21:18","modified_gmt":"2025-04-27T15:21:18","slug":"plecnikova-arhitektura-v-ljubljani-ndrej-hrausky","status":"publish","type":"product","link":"https:\/\/www.antikvariat-vodnik.si\/?product=plecnikova-arhitektura-v-ljubljani-ndrej-hrausky","title":{"rendered":"Ple\u010dnikova arhitektura v Ljubljani, Andrej Hrausky"},"content":{"rendered":"<p>Knjiga Ple\u010dnikova arhitektura v Ljubljani avtorja Andreja Hrauskyja celostno predstavi arhitekturo in drugo ustvarjanje arhitekta Jo\u017eeta Ple\u010dnika, ki je podobo dana\u0161nje Ljubljane ustvarjal od leta 1921, ko se je iz Prage vrnil v rojstno Ljubljano, pa vse so njegove smrti leta 1957.<\/p>\n","protected":false},"excerpt":{"rendered":"<p>Knjiga Ple\u010dnikova arhitektura v Ljubljani avtorja Andreja Hrauskyja celostno predstavi arhitekturo in drugo ustvarjanje arhitekta Jo\u017eeta Ple\u010dnika, ki je podobo dana\u0161nje Ljubljane ustvarjal od leta 1921, ko se je iz Prage vrnil v rojstno Ljubljano, pa vse so njegove smrti leta 1957.<\/p>\n","protected":false},"featured_media":21681,"template":"","meta":{"_monsterinsights_skip_tracking":false,"_monsterinsights_sitenote_active":false,"_monsterinsights_sitenote_note":"","_monsterinsights_sitenote_category":0},"product_brand":[],"product_cat":[93,18,94],"product_tag":[],"class_list":{"0":"post-21680","1":"product","2":"type-product","3":"status-publish","4":"has-post-thumbnail","6":"product_cat-kultura","7":"product_cat-nove-knjige","8":"product_cat-umetnost-nove-knjige","10":"first","11":"instock","12":"taxable","13":"shipping-taxable","14":"purchasable","15":"product-type-simple"},"jetpack_sharing_enabled":true,"_links":{"self":[{"href":"https:\/\/www.antikvariat-vodnik.si\/index.php?rest_route=\/wp\/v2\/product\/21680","targetHints":{"allow":["GET"]}}],"collection":[{"href":"https:\/\/www.antikvariat-vodnik.si\/index.php?rest_route=\/wp\/v2\/product"}],"about":[{"href":"https:\/\/www.antikvariat-vodnik.si\/index.php?rest_route=\/wp\/v2\/types\/product"}],"wp:featuredmedia":[{"embeddable":true,"href":"https:\/\/www.antikvariat-vodnik.si\/index.php?rest_route=\/wp\/v2\/media\/21681"}],"wp:attachment":[{"href":"https:\/\/www.antikvariat-vodnik.si\/index.php?rest_route=%2Fwp%2Fv2%2Fmedia&parent=21680"}],"wp:term":[{"taxonomy":"product_brand","embeddable":true,"href":"https:\/\/www.antikvariat-vodnik.si\/index.php?rest_route=%2Fwp%2Fv2%2Fproduct_brand&post=21680"},{"taxonomy":"product_cat","embeddable":true,"href":"https:\/\/www.antikvariat-vodnik.si\/index.php?rest_route=%2Fwp%2Fv2%2Fproduct_cat&post=21680"},{"taxonomy":"product_tag","embeddable":true,"href":"https:\/\/www.antikvariat-vodnik.si\/index.php?rest_route=%2Fwp%2Fv2%2Fproduct_tag&post=21680"}],"curies":[{"name":"wp","href":"https:\/\/api.w.org\/{rel}","templated":true}]}}