{"id":21649,"date":"2022-03-23T14:55:26","date_gmt":"2022-03-23T13:55:26","guid":{"rendered":"https:\/\/www.antikvariat-vodnik.si\/?post_type=product&#038;p=21649"},"modified":"2025-04-24T15:15:21","modified_gmt":"2025-04-24T13:15:21","slug":"arhitekt-joze-plecni-vodnik-po-spomenikih-vec-avtorjev","status":"publish","type":"product","link":"https:\/\/www.antikvariat-vodnik.si\/?product=arhitekt-joze-plecni-vodnik-po-spomenikih-vec-avtorjev","title":{"rendered":"ARHITEKT JO\u017dE PLE\u010cNI: VODNIK PO SPOMENIKIH, ve\u010d avtorjev"},"content":{"rendered":"<div class=\"elementor-element elementor-element-c9b94b2 elementor-widget elementor-widget-woocommerce-product-short-description\" data-id=\"c9b94b2\" data-element_type=\"widget\" data-widget_type=\"woocommerce-product-short-description.default\">\n<div class=\"elementor-widget-container\">\n<div class=\"woocommerce-product-details__short-description\">\n<p>Vse svoje plodno in razmeroma dolgo \u017eivljenje je Ple\u010dnik ostal predan likovnim in moralnim izhodi\u0161\u010dem secesijskega gibanja. V specifi\u010dnih pogojih, ki sta mu jih nudila Masarykova naklonjenost v Pragi in provincialnost rojstne Ljubljane, je lahko dodobra razvil na humanisti\u010dnem izro\u010dilu antike utemeljeno arhitekturo in z njo postavil edino resno kriti\u010dno alternativo glavnemu toku funkcionalizma 20. stoletja.<\/p>\n<\/div>\n<\/div>\n<\/div>\n<div class=\"elementor-element elementor-element-bf71032 elementor-widget elementor-widget-theme-post-content\" data-id=\"bf71032\" data-element_type=\"widget\" data-widget_type=\"theme-post-content.default\">\n<div class=\"elementor-widget-container\">\n<p>V vodniku po spomenikih, se boste seznanili z naslednjimi Ple\u010dnikovimi spomeniki: Bogojina: Cerkev Gospodovega vnebohoda Celje: Ljudska posojilnica Grad: Cerkev Marijinega vnebovzetja Kamni\u0161ka Bistrica: Lovska ko\u010da kralja Aleksandra Komenda: Cerkev sv. Petra Ljubljana: Cerkev sv. Cirila in Metoda Ljubljana: Cerkev sv. Jo\u017eefa na Poljanah Ljubljana: \u010cevljarski most Ljubljana: Kri\u017eanke Ljubljana: Narodna in univerzitetna knji\u017enica Ljubljana: Pala\u010da Miklo\u0161i\u010deva Ljubljana: Peglezen Ljubljana: Ple\u010dnikova promenada v Tivoliju Ljubljana: Stadion za Be\u017eigradom Ljubljana: Tromostoje Ljubljana: Vrt vseh svetih Ponikve: Cerkev Marijinega obiskovanja Zgornje Stranje: Cerkev sv. Benedikta<\/p>\n<\/div>\n<\/div>\n","protected":false},"excerpt":{"rendered":"<p>Vse svoje plodno in razmeroma dolgo \u017eivljenje je Ple\u010dnik ostal predan likovnim in moralnim izhodi\u0161\u010dem secesijskega gibanja. V specifi\u010dnih pogojih, ki sta mu jih nudila Masarykova naklonjenost v Pragi in provincialnost rojstne Ljubljane, je lahko dodobra razvil na humanisti\u010dnem izro\u010dilu antike utemeljeno arhitekturo in z njo postavil edino resno kriti\u010dno alternativo glavnemu toku funkcionalizma 20. [&hellip;]<\/p>\n","protected":false},"featured_media":21650,"template":"","meta":{"_monsterinsights_skip_tracking":false,"_monsterinsights_sitenote_active":false,"_monsterinsights_sitenote_note":"","_monsterinsights_sitenote_category":0},"product_brand":[],"product_cat":[93,18,94],"product_tag":[],"class_list":{"0":"post-21649","1":"product","2":"type-product","3":"status-publish","4":"has-post-thumbnail","6":"product_cat-kultura","7":"product_cat-nove-knjige","8":"product_cat-umetnost-nove-knjige","10":"first","11":"instock","12":"taxable","13":"shipping-taxable","14":"purchasable","15":"product-type-simple"},"jetpack_sharing_enabled":true,"_links":{"self":[{"href":"https:\/\/www.antikvariat-vodnik.si\/index.php?rest_route=\/wp\/v2\/product\/21649","targetHints":{"allow":["GET"]}}],"collection":[{"href":"https:\/\/www.antikvariat-vodnik.si\/index.php?rest_route=\/wp\/v2\/product"}],"about":[{"href":"https:\/\/www.antikvariat-vodnik.si\/index.php?rest_route=\/wp\/v2\/types\/product"}],"wp:featuredmedia":[{"embeddable":true,"href":"https:\/\/www.antikvariat-vodnik.si\/index.php?rest_route=\/wp\/v2\/media\/21650"}],"wp:attachment":[{"href":"https:\/\/www.antikvariat-vodnik.si\/index.php?rest_route=%2Fwp%2Fv2%2Fmedia&parent=21649"}],"wp:term":[{"taxonomy":"product_brand","embeddable":true,"href":"https:\/\/www.antikvariat-vodnik.si\/index.php?rest_route=%2Fwp%2Fv2%2Fproduct_brand&post=21649"},{"taxonomy":"product_cat","embeddable":true,"href":"https:\/\/www.antikvariat-vodnik.si\/index.php?rest_route=%2Fwp%2Fv2%2Fproduct_cat&post=21649"},{"taxonomy":"product_tag","embeddable":true,"href":"https:\/\/www.antikvariat-vodnik.si\/index.php?rest_route=%2Fwp%2Fv2%2Fproduct_tag&post=21649"}],"curies":[{"name":"wp","href":"https:\/\/api.w.org\/{rel}","templated":true}]}}