{"id":21614,"date":"2022-03-19T17:23:49","date_gmt":"2022-03-19T16:23:49","guid":{"rendered":"https:\/\/www.antikvariat-vodnik.si\/?post_type=product&#038;p=21614"},"modified":"2025-09-16T14:02:30","modified_gmt":"2025-09-16T12:02:30","slug":"pekarna-mismas-svetlana-makarovic","status":"publish","type":"product","link":"https:\/\/www.antikvariat-vodnik.si\/?product=pekarna-mismas-svetlana-makarovic","title":{"rendered":"PEKARNA MI\u0160MA\u0160, Svetlana Makarovi\u010d"},"content":{"rendered":"<p>Gre za ponatis ene izmed najlep\u0161ih pravljic Svetlane Makarovi\u010d, v katero je pisateljica vtkala motiv stare ljudske pravljice \u010cude\u017enost peke in jim dodala nekaj misti\u010dnosti. K prisr\u010dnosti je prispeval tudi ilustrator Gorazd Vahen.<\/p>\n","protected":false},"excerpt":{"rendered":"<p>Gre za ponatis ene izmed najlep\u0161ih pravljic Svetlane Makarovi\u010d, v katero je pisateljica vtkala motiv stare ljudske pravljice \u010cude\u017enost peke in jim dodala nekaj misti\u010dnosti. K prisr\u010dnosti je prispeval tudi ilustrator Gorazd Vahen.<\/p>\n","protected":false},"featured_media":21615,"template":"","meta":{"_monsterinsights_skip_tracking":false,"_monsterinsights_sitenote_active":false,"_monsterinsights_sitenote_note":"","_monsterinsights_sitenote_category":0},"product_brand":[],"product_cat":[18,40],"product_tag":[],"class_list":{"0":"post-21614","1":"product","2":"type-product","3":"status-publish","4":"has-post-thumbnail","6":"product_cat-nove-knjige","7":"product_cat-otroska-mladinska-literatura","9":"first","10":"instock","11":"taxable","12":"shipping-taxable","13":"purchasable","14":"product-type-simple"},"jetpack_sharing_enabled":true,"_links":{"self":[{"href":"https:\/\/www.antikvariat-vodnik.si\/index.php?rest_route=\/wp\/v2\/product\/21614","targetHints":{"allow":["GET"]}}],"collection":[{"href":"https:\/\/www.antikvariat-vodnik.si\/index.php?rest_route=\/wp\/v2\/product"}],"about":[{"href":"https:\/\/www.antikvariat-vodnik.si\/index.php?rest_route=\/wp\/v2\/types\/product"}],"wp:featuredmedia":[{"embeddable":true,"href":"https:\/\/www.antikvariat-vodnik.si\/index.php?rest_route=\/wp\/v2\/media\/21615"}],"wp:attachment":[{"href":"https:\/\/www.antikvariat-vodnik.si\/index.php?rest_route=%2Fwp%2Fv2%2Fmedia&parent=21614"}],"wp:term":[{"taxonomy":"product_brand","embeddable":true,"href":"https:\/\/www.antikvariat-vodnik.si\/index.php?rest_route=%2Fwp%2Fv2%2Fproduct_brand&post=21614"},{"taxonomy":"product_cat","embeddable":true,"href":"https:\/\/www.antikvariat-vodnik.si\/index.php?rest_route=%2Fwp%2Fv2%2Fproduct_cat&post=21614"},{"taxonomy":"product_tag","embeddable":true,"href":"https:\/\/www.antikvariat-vodnik.si\/index.php?rest_route=%2Fwp%2Fv2%2Fproduct_tag&post=21614"}],"curies":[{"name":"wp","href":"https:\/\/api.w.org\/{rel}","templated":true}]}}