{"id":20183,"date":"2022-02-17T16:43:03","date_gmt":"2022-02-17T15:43:03","guid":{"rendered":"https:\/\/www.antikvariat-vodnik.si\/?post_type=product&#038;p=20183"},"modified":"2025-09-16T19:16:09","modified_gmt":"2025-09-16T17:16:09","slug":"zmaji-nemska-izdaja-lila-prap","status":"publish","type":"product","link":"https:\/\/www.antikvariat-vodnik.si\/?product=zmaji-nemska-izdaja-lila-prap","title":{"rendered":"ZMAJI?! (nem\u0161ka izdaja), Lila Prap"},"content":{"rendered":"<p><strong>Otroci bodo navdu\u0161eni nad slikanico Lile Prap o zmajih!<\/strong><br \/>\nVse se (spet) pri\u010dne s koko\u0161mi, temi nadobudnimi in radovednimi \u017eivalcami, ki so tokrat na klopi za hi\u0161o na\u0161le knjigo o \u2026 zmajih! In kaj so ugotovile? Kup zanimivih re\u010di. Da zmaji \u017ee stoletja burijo na\u0161o domi\u0161ljijo, vmes pa bruhajo ogenj, stra\u017eijo princese, goltajo viteze in zganjajo cirkus. Zato pa so tako zanimivi! Prav zato jih je Lila Prap, ena na\u0161ih najbolj znanih in priljubljenih ilustratork, podrobneje predstavila v slikanici Zmaji?!<\/p>\n","protected":false},"excerpt":{"rendered":"<p>Otroci bodo navdu\u0161eni nad slikanico Lile Prap o zmajih! Vse se (spet) pri\u010dne s koko\u0161mi, temi nadobudnimi in radovednimi \u017eivalcami, ki so tokrat na klopi za hi\u0161o na\u0161le knjigo o \u2026 zmajih! In kaj so ugotovile? Kup zanimivih re\u010di. Da zmaji \u017ee stoletja burijo na\u0161o domi\u0161ljijo, vmes pa bruhajo ogenj, stra\u017eijo princese, goltajo viteze in [&hellip;]<\/p>\n","protected":false},"featured_media":20184,"template":"","meta":{"_monsterinsights_skip_tracking":false,"_monsterinsights_sitenote_active":false,"_monsterinsights_sitenote_note":"","_monsterinsights_sitenote_category":0},"product_brand":[],"product_cat":[18,40],"product_tag":[],"class_list":{"0":"post-20183","1":"product","2":"type-product","3":"status-publish","4":"has-post-thumbnail","6":"product_cat-nove-knjige","7":"product_cat-otroska-mladinska-literatura","9":"first","10":"instock","11":"taxable","12":"shipping-taxable","13":"purchasable","14":"product-type-simple"},"jetpack_sharing_enabled":true,"_links":{"self":[{"href":"https:\/\/www.antikvariat-vodnik.si\/index.php?rest_route=\/wp\/v2\/product\/20183","targetHints":{"allow":["GET"]}}],"collection":[{"href":"https:\/\/www.antikvariat-vodnik.si\/index.php?rest_route=\/wp\/v2\/product"}],"about":[{"href":"https:\/\/www.antikvariat-vodnik.si\/index.php?rest_route=\/wp\/v2\/types\/product"}],"wp:featuredmedia":[{"embeddable":true,"href":"https:\/\/www.antikvariat-vodnik.si\/index.php?rest_route=\/wp\/v2\/media\/20184"}],"wp:attachment":[{"href":"https:\/\/www.antikvariat-vodnik.si\/index.php?rest_route=%2Fwp%2Fv2%2Fmedia&parent=20183"}],"wp:term":[{"taxonomy":"product_brand","embeddable":true,"href":"https:\/\/www.antikvariat-vodnik.si\/index.php?rest_route=%2Fwp%2Fv2%2Fproduct_brand&post=20183"},{"taxonomy":"product_cat","embeddable":true,"href":"https:\/\/www.antikvariat-vodnik.si\/index.php?rest_route=%2Fwp%2Fv2%2Fproduct_cat&post=20183"},{"taxonomy":"product_tag","embeddable":true,"href":"https:\/\/www.antikvariat-vodnik.si\/index.php?rest_route=%2Fwp%2Fv2%2Fproduct_tag&post=20183"}],"curies":[{"name":"wp","href":"https:\/\/api.w.org\/{rel}","templated":true}]}}