{"id":20181,"date":"2022-02-17T16:39:40","date_gmt":"2022-02-17T15:39:40","guid":{"rendered":"https:\/\/www.antikvariat-vodnik.si\/?post_type=product&#038;p=20181"},"modified":"2024-09-16T18:36:55","modified_gmt":"2024-09-16T16:36:55","slug":"zmaj-direndaj-kajetan-kovic","status":"publish","type":"product","link":"https:\/\/www.antikvariat-vodnik.si\/?product=zmaj-direndaj-kajetan-kovic","title":{"rendered":"ZMAJ DIRENDAJ, Kajetan Kovi\u010d"},"content":{"rendered":"<p>I\u0161\u010demo ZMAJA DIRENDAJA, ki \u017eupanu nagaja.<\/p>\n<p>Zmajski mladi\u010dek se nikakor ne more odlo\u010diti, kako bi lahko bil koristen v belem mestu, zato dela zgago. Namesto da bi stra\u017eil na mostu, se po mestu potepa s psom Bernijem ter se ba\u0161e s klobasami, tortami, pala\u010dinkami in lubenicami.<\/p>\n<p>Zabavna zgodbica, ki mal\u010dke zlahka nasmeje. Hkrati pa sporo\u010da, da je otro\u0161tvo sre\u010dno samo, \u010de je ravno prav brezskrbno. \u2013 Ilustrirala Jelka Reichman. 4+<\/p>\n","protected":false},"excerpt":{"rendered":"<p>I\u0161\u010demo ZMAJA DIRENDAJA, ki \u017eupanu nagaja. Zmajski mladi\u010dek se nikakor ne more odlo\u010diti, kako bi lahko bil koristen v belem mestu, zato dela zgago. Namesto da bi stra\u017eil na mostu, se po mestu potepa s psom Bernijem ter se ba\u0161e s klobasami, tortami, pala\u010dinkami in lubenicami. Zabavna zgodbica, ki mal\u010dke zlahka nasmeje. Hkrati pa sporo\u010da, [&hellip;]<\/p>\n","protected":false},"featured_media":20182,"template":"","meta":{"_monsterinsights_skip_tracking":false,"_monsterinsights_sitenote_active":false,"_monsterinsights_sitenote_note":"","_monsterinsights_sitenote_category":0},"product_brand":[],"product_cat":[18,40],"product_tag":[],"class_list":{"0":"post-20181","1":"product","2":"type-product","3":"status-publish","4":"has-post-thumbnail","6":"product_cat-nove-knjige","7":"product_cat-otroska-mladinska-literatura","9":"first","10":"instock","11":"taxable","12":"shipping-taxable","13":"purchasable","14":"product-type-simple"},"jetpack_sharing_enabled":true,"_links":{"self":[{"href":"https:\/\/www.antikvariat-vodnik.si\/index.php?rest_route=\/wp\/v2\/product\/20181","targetHints":{"allow":["GET"]}}],"collection":[{"href":"https:\/\/www.antikvariat-vodnik.si\/index.php?rest_route=\/wp\/v2\/product"}],"about":[{"href":"https:\/\/www.antikvariat-vodnik.si\/index.php?rest_route=\/wp\/v2\/types\/product"}],"wp:featuredmedia":[{"embeddable":true,"href":"https:\/\/www.antikvariat-vodnik.si\/index.php?rest_route=\/wp\/v2\/media\/20182"}],"wp:attachment":[{"href":"https:\/\/www.antikvariat-vodnik.si\/index.php?rest_route=%2Fwp%2Fv2%2Fmedia&parent=20181"}],"wp:term":[{"taxonomy":"product_brand","embeddable":true,"href":"https:\/\/www.antikvariat-vodnik.si\/index.php?rest_route=%2Fwp%2Fv2%2Fproduct_brand&post=20181"},{"taxonomy":"product_cat","embeddable":true,"href":"https:\/\/www.antikvariat-vodnik.si\/index.php?rest_route=%2Fwp%2Fv2%2Fproduct_cat&post=20181"},{"taxonomy":"product_tag","embeddable":true,"href":"https:\/\/www.antikvariat-vodnik.si\/index.php?rest_route=%2Fwp%2Fv2%2Fproduct_tag&post=20181"}],"curies":[{"name":"wp","href":"https:\/\/api.w.org\/{rel}","templated":true}]}}