{"id":20175,"date":"2022-02-17T16:32:09","date_gmt":"2022-02-17T15:32:09","guid":{"rendered":"https:\/\/www.antikvariat-vodnik.si\/?post_type=product&#038;p=20175"},"modified":"2022-02-17T16:48:28","modified_gmt":"2022-02-17T15:48:28","slug":"vojna-in-mir-2-del-lev-nikolajevic-tolstoj","status":"publish","type":"product","link":"https:\/\/www.antikvariat-vodnik.si\/?product=vojna-in-mir-2-del-lev-nikolajevic-tolstoj","title":{"rendered":"VOJNA IN MIR 2. DEL, Lev Nikolajevi\u010d Tolstoj"},"content":{"rendered":"<p>Eden najve\u010djih romanov vseh \u010dasov v novem prevodu! \u010ceprav je jasno ume\u0161\u010den v \u010das Napoleonovega pohoda na Rusijo (1805\u20131812), roman Vojna in mir, ki je v izvirniku prvi\u010d iz\u0161el leta 1869, \u0161e zdale\u010d ni zgolj zgodovinski roman, temve\u010d gre za orja\u0161ko \u00bbfresko\u00ab, ki tedanje dru\u017ebene razmere neprestano prepleta z du\u0161evnimi stanji in iskanji junakov. Lev Nikolajevi\u010d Tolstoj (1828\u20131910) je svoj veliki roman pisal sedem let po deset ur na dan, prelistal je vse knjige, obiskoval arhive in prebiral zasebna pisma. Besedilo je sedemkrat prepisal, vse dokler se naposled ni izoblikovala mogo\u010dna celota, iz katere s svojimi razmisleki, dvomi in spoznanji izstopajo zna\u010dajsko markantne osebe, obenem pa se mu je z nezmotljivim \u010dutom za dramati\u010dno posre\u010dilo ustvariti serijo razgibanih, prepri\u010dljivih prizorov, katerih ob\u010de\u010dlove\u0161ka vsebina nas nagovarja \u0161e danes. Roman Vojna in mir je prvi\u010d prevedel v sloven\u0161\u010dino Vladimir Levstik leta 1932, zdaj pa bo iz\u0161el v novem prevodu Sovretove nagrajenke Lijane Dejak. &#8230;<\/p>\n","protected":false},"excerpt":{"rendered":"<p>Eden najve\u010djih romanov vseh \u010dasov v novem prevodu! \u010ceprav je jasno ume\u0161\u010den v \u010das Napoleonovega pohoda na Rusijo (1805\u20131812), roman Vojna in mir, ki je v izvirniku prvi\u010d iz\u0161el leta 1869, \u0161e zdale\u010d ni zgolj zgodovinski roman, temve\u010d gre za orja\u0161ko \u00bbfresko\u00ab, ki tedanje dru\u017ebene razmere neprestano prepleta z du\u0161evnimi stanji in iskanji junakov. Lev [&hellip;]<\/p>\n","protected":false},"featured_media":20176,"template":"","meta":{"_monsterinsights_skip_tracking":false,"_monsterinsights_sitenote_active":false,"_monsterinsights_sitenote_note":"","_monsterinsights_sitenote_category":0},"product_brand":[],"product_cat":[36,18],"product_tag":[],"class_list":{"0":"post-20175","1":"product","2":"type-product","3":"status-publish","4":"has-post-thumbnail","6":"product_cat-leposlovje-nove-knjige","7":"product_cat-nove-knjige","9":"first","10":"instock","11":"taxable","12":"shipping-taxable","13":"purchasable","14":"product-type-simple"},"jetpack_sharing_enabled":true,"_links":{"self":[{"href":"https:\/\/www.antikvariat-vodnik.si\/index.php?rest_route=\/wp\/v2\/product\/20175","targetHints":{"allow":["GET"]}}],"collection":[{"href":"https:\/\/www.antikvariat-vodnik.si\/index.php?rest_route=\/wp\/v2\/product"}],"about":[{"href":"https:\/\/www.antikvariat-vodnik.si\/index.php?rest_route=\/wp\/v2\/types\/product"}],"wp:featuredmedia":[{"embeddable":true,"href":"https:\/\/www.antikvariat-vodnik.si\/index.php?rest_route=\/wp\/v2\/media\/20176"}],"wp:attachment":[{"href":"https:\/\/www.antikvariat-vodnik.si\/index.php?rest_route=%2Fwp%2Fv2%2Fmedia&parent=20175"}],"wp:term":[{"taxonomy":"product_brand","embeddable":true,"href":"https:\/\/www.antikvariat-vodnik.si\/index.php?rest_route=%2Fwp%2Fv2%2Fproduct_brand&post=20175"},{"taxonomy":"product_cat","embeddable":true,"href":"https:\/\/www.antikvariat-vodnik.si\/index.php?rest_route=%2Fwp%2Fv2%2Fproduct_cat&post=20175"},{"taxonomy":"product_tag","embeddable":true,"href":"https:\/\/www.antikvariat-vodnik.si\/index.php?rest_route=%2Fwp%2Fv2%2Fproduct_tag&post=20175"}],"curies":[{"name":"wp","href":"https:\/\/api.w.org\/{rel}","templated":true}]}}