{"id":20077,"date":"2022-02-15T17:31:52","date_gmt":"2022-02-15T16:31:52","guid":{"rendered":"https:\/\/www.antikvariat-vodnik.si\/?post_type=product&#038;p=20077"},"modified":"2026-03-31T15:13:42","modified_gmt":"2026-03-31T13:13:42","slug":"kozlovska-sodba-v-visnji-gori-josip-jurcic","status":"publish","type":"product","link":"https:\/\/www.antikvariat-vodnik.si\/?product=kozlovska-sodba-v-visnji-gori-josip-jurcic","title":{"rendered":"KOZLOVSKA SODBA V VI\u0160NJI GORI, Josip Jur\u010di\u010d"},"content":{"rendered":"<p>Ponatis!<\/p>\n<p>Pisatelj Josip Jur\u010di\u010d je duhovito napisano zgodbo o kozlovski sodbi prvi\u010d objavil leta 1867 v reviji Slovenski glasnik. Slikani\u0161ka izdaja z imenitnimi ilustracijami Marjana Man\u010dka jo je pribli\u017eala tudi najmlaj\u0161im bralcem. Junaki humoreske so me\u0161\u010dani Vi\u0161nje Gore, super junak pa bistroumne\u017e Krivostegno, ki razre\u0161i kozlovsko sodbo tako, da je volk sit, kozel pa cel.<\/p>\n","protected":false},"excerpt":{"rendered":"<p>Ponatis! Pisatelj Josip Jur\u010di\u010d je duhovito napisano zgodbo o kozlovski sodbi prvi\u010d objavil leta 1867 v reviji Slovenski glasnik. Slikani\u0161ka izdaja z imenitnimi ilustracijami Marjana Man\u010dka jo je pribli\u017eala tudi najmlaj\u0161im bralcem. Junaki humoreske so me\u0161\u010dani Vi\u0161nje Gore, super junak pa bistroumne\u017e Krivostegno, ki razre\u0161i kozlovsko sodbo tako, da je volk sit, kozel pa cel.<\/p>\n","protected":false},"featured_media":20078,"template":"","meta":{"_monsterinsights_skip_tracking":false,"_monsterinsights_sitenote_active":false,"_monsterinsights_sitenote_note":"","_monsterinsights_sitenote_category":0},"product_brand":[],"product_cat":[36,18],"product_tag":[],"class_list":{"0":"post-20077","1":"product","2":"type-product","3":"status-publish","4":"has-post-thumbnail","6":"product_cat-leposlovje-nove-knjige","7":"product_cat-nove-knjige","9":"first","10":"instock","11":"taxable","12":"shipping-taxable","13":"purchasable","14":"product-type-simple"},"jetpack_sharing_enabled":true,"_links":{"self":[{"href":"https:\/\/www.antikvariat-vodnik.si\/index.php?rest_route=\/wp\/v2\/product\/20077","targetHints":{"allow":["GET"]}}],"collection":[{"href":"https:\/\/www.antikvariat-vodnik.si\/index.php?rest_route=\/wp\/v2\/product"}],"about":[{"href":"https:\/\/www.antikvariat-vodnik.si\/index.php?rest_route=\/wp\/v2\/types\/product"}],"wp:featuredmedia":[{"embeddable":true,"href":"https:\/\/www.antikvariat-vodnik.si\/index.php?rest_route=\/wp\/v2\/media\/20078"}],"wp:attachment":[{"href":"https:\/\/www.antikvariat-vodnik.si\/index.php?rest_route=%2Fwp%2Fv2%2Fmedia&parent=20077"}],"wp:term":[{"taxonomy":"product_brand","embeddable":true,"href":"https:\/\/www.antikvariat-vodnik.si\/index.php?rest_route=%2Fwp%2Fv2%2Fproduct_brand&post=20077"},{"taxonomy":"product_cat","embeddable":true,"href":"https:\/\/www.antikvariat-vodnik.si\/index.php?rest_route=%2Fwp%2Fv2%2Fproduct_cat&post=20077"},{"taxonomy":"product_tag","embeddable":true,"href":"https:\/\/www.antikvariat-vodnik.si\/index.php?rest_route=%2Fwp%2Fv2%2Fproduct_tag&post=20077"}],"curies":[{"name":"wp","href":"https:\/\/api.w.org\/{rel}","templated":true}]}}