{"id":20047,"date":"2022-02-15T16:44:59","date_gmt":"2022-02-15T15:44:59","guid":{"rendered":"https:\/\/www.antikvariat-vodnik.si\/?post_type=product&#038;p=20047"},"modified":"2022-02-15T16:47:26","modified_gmt":"2022-02-15T15:47:26","slug":"cudezni-feliks-andrej-hieng","status":"publish","type":"product","link":"https:\/\/www.antikvariat-vodnik.si\/?product=cudezni-feliks-andrej-hieng","title":{"rendered":"\u010cUDE\u017dNI FELIKS, Andrej Hieng"},"content":{"rendered":"<p>Andrej Hieng (1925\u20132000), pisatelj in re\u017eiser, je napisal \u0161tevilne novele, drame, scenarije, televizijske in radijske igre ter romane. V sredi\u0161\u010du njegovega umetni\u0161kega zanimanja so bili notranji psiholo\u0161ki svetovi nastopajo\u010dih junakov, raznovrstne usode, povezanost sedanjosti s preteklostjo.<\/p>\n","protected":false},"excerpt":{"rendered":"<p>Andrej Hieng (1925\u20132000), pisatelj in re\u017eiser, je napisal \u0161tevilne novele, drame, scenarije, televizijske in radijske igre ter romane. V sredi\u0161\u010du njegovega umetni\u0161kega zanimanja so bili notranji psiholo\u0161ki svetovi nastopajo\u010dih junakov, raznovrstne usode, povezanost sedanjosti s preteklostjo.<\/p>\n","protected":false},"featured_media":20048,"template":"","meta":{"_monsterinsights_skip_tracking":false,"_monsterinsights_sitenote_active":false,"_monsterinsights_sitenote_note":"","_monsterinsights_sitenote_category":0},"product_brand":[],"product_cat":[36,18],"product_tag":[],"class_list":{"0":"post-20047","1":"product","2":"type-product","3":"status-publish","4":"has-post-thumbnail","6":"product_cat-leposlovje-nove-knjige","7":"product_cat-nove-knjige","9":"first","10":"instock","11":"taxable","12":"shipping-taxable","13":"purchasable","14":"product-type-simple"},"jetpack_sharing_enabled":true,"_links":{"self":[{"href":"https:\/\/www.antikvariat-vodnik.si\/index.php?rest_route=\/wp\/v2\/product\/20047","targetHints":{"allow":["GET"]}}],"collection":[{"href":"https:\/\/www.antikvariat-vodnik.si\/index.php?rest_route=\/wp\/v2\/product"}],"about":[{"href":"https:\/\/www.antikvariat-vodnik.si\/index.php?rest_route=\/wp\/v2\/types\/product"}],"wp:featuredmedia":[{"embeddable":true,"href":"https:\/\/www.antikvariat-vodnik.si\/index.php?rest_route=\/wp\/v2\/media\/20048"}],"wp:attachment":[{"href":"https:\/\/www.antikvariat-vodnik.si\/index.php?rest_route=%2Fwp%2Fv2%2Fmedia&parent=20047"}],"wp:term":[{"taxonomy":"product_brand","embeddable":true,"href":"https:\/\/www.antikvariat-vodnik.si\/index.php?rest_route=%2Fwp%2Fv2%2Fproduct_brand&post=20047"},{"taxonomy":"product_cat","embeddable":true,"href":"https:\/\/www.antikvariat-vodnik.si\/index.php?rest_route=%2Fwp%2Fv2%2Fproduct_cat&post=20047"},{"taxonomy":"product_tag","embeddable":true,"href":"https:\/\/www.antikvariat-vodnik.si\/index.php?rest_route=%2Fwp%2Fv2%2Fproduct_tag&post=20047"}],"curies":[{"name":"wp","href":"https:\/\/api.w.org\/{rel}","templated":true}]}}