{"id":19436,"date":"2022-01-16T18:10:44","date_gmt":"2022-01-16T17:10:44","guid":{"rendered":"https:\/\/www.antikvariat-vodnik.si\/?post_type=product&#038;p=19436"},"modified":"2025-03-16T20:21:38","modified_gmt":"2025-03-16T19:21:38","slug":"ljubljanska-inzenirska-zbornica-1919-44-bogo-zupancic","status":"publish","type":"product","link":"https:\/\/www.antikvariat-vodnik.si\/?product=ljubljanska-inzenirska-zbornica-1919-44-bogo-zupancic","title":{"rendered":"LJUBLJANSKA IN\u017dENIRSKA ZBORNICA 1919-44, Bogo Zupan\u010di\u010d"},"content":{"rendered":"<p>128 strani, trda vezava, 31 cm, Izdala Ljubljanska in\u017eenirska zbornica 2013, lepo ohranjeno<\/p>\n","protected":false},"excerpt":{"rendered":"<p>128 strani, trda vezava, 31 cm, Izdala Ljubljanska in\u017eenirska zbornica 2013, lepo ohranjeno<\/p>\n","protected":false},"featured_media":18650,"template":"","meta":{"_monsterinsights_skip_tracking":false,"_monsterinsights_sitenote_active":false,"_monsterinsights_sitenote_note":"","_monsterinsights_sitenote_category":0},"product_brand":[],"product_cat":[17,16,25,57],"product_tag":[],"class_list":{"0":"post-19436","1":"product","2":"type-product","3":"status-publish","4":"has-post-thumbnail","6":"product_cat-antikvarne-knjige","7":"product_cat-katalog-knjig","8":"product_cat-naravoslovje-medicina-tehnika","9":"product_cat-tehnika","11":"first","12":"instock","13":"taxable","14":"shipping-taxable","15":"purchasable","16":"product-type-simple"},"jetpack_sharing_enabled":true,"_links":{"self":[{"href":"https:\/\/www.antikvariat-vodnik.si\/index.php?rest_route=\/wp\/v2\/product\/19436","targetHints":{"allow":["GET"]}}],"collection":[{"href":"https:\/\/www.antikvariat-vodnik.si\/index.php?rest_route=\/wp\/v2\/product"}],"about":[{"href":"https:\/\/www.antikvariat-vodnik.si\/index.php?rest_route=\/wp\/v2\/types\/product"}],"wp:featuredmedia":[{"embeddable":true,"href":"https:\/\/www.antikvariat-vodnik.si\/index.php?rest_route=\/wp\/v2\/media\/18650"}],"wp:attachment":[{"href":"https:\/\/www.antikvariat-vodnik.si\/index.php?rest_route=%2Fwp%2Fv2%2Fmedia&parent=19436"}],"wp:term":[{"taxonomy":"product_brand","embeddable":true,"href":"https:\/\/www.antikvariat-vodnik.si\/index.php?rest_route=%2Fwp%2Fv2%2Fproduct_brand&post=19436"},{"taxonomy":"product_cat","embeddable":true,"href":"https:\/\/www.antikvariat-vodnik.si\/index.php?rest_route=%2Fwp%2Fv2%2Fproduct_cat&post=19436"},{"taxonomy":"product_tag","embeddable":true,"href":"https:\/\/www.antikvariat-vodnik.si\/index.php?rest_route=%2Fwp%2Fv2%2Fproduct_tag&post=19436"}],"curies":[{"name":"wp","href":"https:\/\/api.w.org\/{rel}","templated":true}]}}