{"id":1937,"date":"2020-12-04T17:07:05","date_gmt":"2020-12-04T16:07:05","guid":{"rendered":"https:\/\/www.antikvariat-vodnik.si\/?post_type=product&#038;p=1937"},"modified":"2021-04-02T14:29:37","modified_gmt":"2021-04-02T12:29:37","slug":"slovaske-pravljice","status":"publish","type":"product","link":"https:\/\/www.antikvariat-vodnik.si\/?product=slovaske-pravljice","title":{"rendered":"Slova\u0161ke pravljice"},"content":{"rendered":"<div id=\"pageBody\">\n<div id=\"contentWrapper\">\n<div id=\"container\">\n<article class=\"normal-width\">\n<div id=\"productDetails\" class=\"product-detail-container roundbox\">\n<div class=\"product-detail-rightcol\">\n<p>Trda vezava, 24,5 x 24,5 cm, 119 strani. Izdala KUD Sodobnost International 2019<\/p>\n<div id=\"pageBody\">\n<div id=\"contentWrapper\">\n<div id=\"container\">\n<article class=\"normal-width\">\n<div id=\"longDesc\">\n<div class=\"product-detail-desc\">\n<p><b>Pravljice s \u010dude\u017enimi podobami sveta, skozi katere ljudje \u017ee stoletja prena\u0161amo modrost svojim potomcem, so dana\u0161njemu svetu nemara potrebne bolj kot kadar koli.<\/b><\/p>\n<p>Mra\u010dne, pravi\u010dne, \u010dude\u017ene, hudomu\u0161ne, z vero v dobro in nepremagljivo silo \u010dlovekove iznajdljivosti nas vabijo skozi skrivnostne duri v tiste davne \u010dase, \u201cv sedeminsedemdeseto de\u017eelo\u201d, v sr\u017e \u017eivljenja, njegovo bole\u010dino in vedrino.<\/p>\n<p>Bogastvo in pestrost slova\u0161kega pravlji\u010dnega izro\u010dila, njegovo posebnost in svetovne navezave v enaki meri pa tudi prvinskost, spontanost in \u017eivost ljudskega jezika pred nami razgrinja prevajalec Andrej Pleterski, ki je iz obse\u017enega fonda pravljic, ro\u010dno zapisanih na terenu, pri najrazli\u010dnej\u0161ih ljudskih pripovedovalcih.<\/p>\n<p><b>Nagrade in nominacije:<\/b><br \/>\nPriznanje Hinka Smrekarja Bojani Dimitrovski za ilustracije v knjigi Slova\u0161ke pravljice.<\/p>\n<p>&nbsp;<\/p>\n<\/div>\n<\/div>\n<\/article>\n<\/div>\n<\/div>\n<\/div>\n<\/div>\n<\/div>\n<\/article>\n<\/div>\n<\/div>\n<\/div>\n","protected":false},"excerpt":{"rendered":"<p>Trda vezava, 24,5 x 24,5 cm, 119 strani. Izdala KUD Sodobnost International 2019 Pravljice s \u010dude\u017enimi podobami sveta, skozi katere ljudje \u017ee stoletja prena\u0161amo modrost svojim potomcem, so dana\u0161njemu svetu nemara potrebne bolj kot kadar koli. Mra\u010dne, pravi\u010dne, \u010dude\u017ene, hudomu\u0161ne, z vero v dobro in nepremagljivo silo \u010dlovekove iznajdljivosti nas vabijo skozi skrivnostne duri v [&hellip;]<\/p>\n","protected":false},"featured_media":1917,"template":"","meta":{"_monsterinsights_skip_tracking":false,"_monsterinsights_sitenote_active":false,"_monsterinsights_sitenote_note":"","_monsterinsights_sitenote_category":0},"product_brand":[],"product_cat":[16,18,40],"product_tag":[],"class_list":{"0":"post-1937","1":"product","2":"type-product","3":"status-publish","4":"has-post-thumbnail","6":"product_cat-katalog-knjig","7":"product_cat-nove-knjige","8":"product_cat-otroska-mladinska-literatura","10":"first","11":"instock","12":"taxable","13":"shipping-taxable","14":"purchasable","15":"product-type-simple"},"jetpack_sharing_enabled":true,"_links":{"self":[{"href":"https:\/\/www.antikvariat-vodnik.si\/index.php?rest_route=\/wp\/v2\/product\/1937","targetHints":{"allow":["GET"]}}],"collection":[{"href":"https:\/\/www.antikvariat-vodnik.si\/index.php?rest_route=\/wp\/v2\/product"}],"about":[{"href":"https:\/\/www.antikvariat-vodnik.si\/index.php?rest_route=\/wp\/v2\/types\/product"}],"wp:featuredmedia":[{"embeddable":true,"href":"https:\/\/www.antikvariat-vodnik.si\/index.php?rest_route=\/wp\/v2\/media\/1917"}],"wp:attachment":[{"href":"https:\/\/www.antikvariat-vodnik.si\/index.php?rest_route=%2Fwp%2Fv2%2Fmedia&parent=1937"}],"wp:term":[{"taxonomy":"product_brand","embeddable":true,"href":"https:\/\/www.antikvariat-vodnik.si\/index.php?rest_route=%2Fwp%2Fv2%2Fproduct_brand&post=1937"},{"taxonomy":"product_cat","embeddable":true,"href":"https:\/\/www.antikvariat-vodnik.si\/index.php?rest_route=%2Fwp%2Fv2%2Fproduct_cat&post=1937"},{"taxonomy":"product_tag","embeddable":true,"href":"https:\/\/www.antikvariat-vodnik.si\/index.php?rest_route=%2Fwp%2Fv2%2Fproduct_tag&post=1937"}],"curies":[{"name":"wp","href":"https:\/\/api.w.org\/{rel}","templated":true}]}}