{"id":17677,"date":"2021-11-21T16:09:34","date_gmt":"2021-11-21T15:09:34","guid":{"rendered":"https:\/\/www.antikvariat-vodnik.si\/?post_type=product&#038;p=17677"},"modified":"2026-02-17T19:38:11","modified_gmt":"2026-02-17T18:38:11","slug":"vojna-in-mir-l-n-tolstoj-4-deli-2","status":"publish","type":"product","link":"https:\/\/www.antikvariat-vodnik.si\/?product=vojna-in-mir-l-n-tolstoj-4-deli-2","title":{"rendered":"VOJNA IN MIR,  L. N. Tolstoj, 4. deli"},"content":{"rendered":"<p>4 x trda vezava, 20 cm, izdal: DZS, Ljubljana 1966, prevedel Vladimir Levstik, lepo ohranjeno + \u0161\u010ditni ovitki + dano v za\u0161\u010ditno \u0161katlo<\/p>\n","protected":false},"excerpt":{"rendered":"<p>4 x trda vezava, 20 cm, izdal: DZS, Ljubljana 1966, prevedel Vladimir Levstik, lepo ohranjeno + \u0161\u010ditni ovitki + dano v za\u0161\u010ditno \u0161katlo<\/p>\n","protected":false},"featured_media":17665,"template":"","meta":{"_monsterinsights_skip_tracking":false,"_monsterinsights_sitenote_active":false,"_monsterinsights_sitenote_note":"","_monsterinsights_sitenote_category":0},"product_brand":[],"product_cat":[17,16,27,65],"product_tag":[],"class_list":{"0":"post-17677","1":"product","2":"type-product","3":"status-publish","4":"has-post-thumbnail","6":"product_cat-antikvarne-knjige","7":"product_cat-katalog-knjig","8":"product_cat-leposlovje","9":"product_cat-proza-tuji-avtorji","11":"first","12":"outofstock","13":"taxable","14":"shipping-taxable","15":"purchasable","16":"product-type-simple"},"jetpack_sharing_enabled":true,"_links":{"self":[{"href":"https:\/\/www.antikvariat-vodnik.si\/index.php?rest_route=\/wp\/v2\/product\/17677","targetHints":{"allow":["GET"]}}],"collection":[{"href":"https:\/\/www.antikvariat-vodnik.si\/index.php?rest_route=\/wp\/v2\/product"}],"about":[{"href":"https:\/\/www.antikvariat-vodnik.si\/index.php?rest_route=\/wp\/v2\/types\/product"}],"wp:featuredmedia":[{"embeddable":true,"href":"https:\/\/www.antikvariat-vodnik.si\/index.php?rest_route=\/wp\/v2\/media\/17665"}],"wp:attachment":[{"href":"https:\/\/www.antikvariat-vodnik.si\/index.php?rest_route=%2Fwp%2Fv2%2Fmedia&parent=17677"}],"wp:term":[{"taxonomy":"product_brand","embeddable":true,"href":"https:\/\/www.antikvariat-vodnik.si\/index.php?rest_route=%2Fwp%2Fv2%2Fproduct_brand&post=17677"},{"taxonomy":"product_cat","embeddable":true,"href":"https:\/\/www.antikvariat-vodnik.si\/index.php?rest_route=%2Fwp%2Fv2%2Fproduct_cat&post=17677"},{"taxonomy":"product_tag","embeddable":true,"href":"https:\/\/www.antikvariat-vodnik.si\/index.php?rest_route=%2Fwp%2Fv2%2Fproduct_tag&post=17677"}],"curies":[{"name":"wp","href":"https:\/\/api.w.org\/{rel}","templated":true}]}}