{"id":17171,"date":"2021-11-02T17:15:06","date_gmt":"2021-11-02T16:15:06","guid":{"rendered":"https:\/\/www.antikvariat-vodnik.si\/?post_type=product&#038;p=17171"},"modified":"2026-02-23T12:45:09","modified_gmt":"2026-02-23T11:45:09","slug":"preden-odidem-marijan-zadnikar","status":"publish","type":"product","link":"https:\/\/www.antikvariat-vodnik.si\/?product=preden-odidem-marijan-zadnikar","title":{"rendered":"PREDEN ODIDEM, Marijan Zadnikar"},"content":{"rendered":"<p>218 strani, trda vezava, 24 cm, izdal: Dru\u017eina, Ljubljana 1998, zelo lepo ohranjena s s\u0161\u010ditnim ovitkom<\/p>\n","protected":false},"excerpt":{"rendered":"<p>218 strani, trda vezava, 24 cm, izdal: Dru\u017eina, Ljubljana 1998, zelo lepo ohranjena s s\u0161\u010ditnim ovitkom<\/p>\n","protected":false},"featured_media":17017,"template":"","meta":{"_monsterinsights_skip_tracking":false,"_monsterinsights_sitenote_active":false,"_monsterinsights_sitenote_note":"","_monsterinsights_sitenote_category":0},"product_brand":[],"product_cat":[17,61,16,30,24],"product_tag":[],"class_list":{"0":"post-17171","1":"product","2":"type-product","3":"status-publish","4":"has-post-thumbnail","6":"product_cat-antikvarne-knjige","7":"product_cat-arhitektura-urbanizem","8":"product_cat-katalog-knjig","9":"product_cat-religija","10":"product_cat-umetnost","12":"first","13":"instock","14":"taxable","15":"shipping-taxable","16":"purchasable","17":"product-type-simple"},"jetpack_sharing_enabled":true,"_links":{"self":[{"href":"https:\/\/www.antikvariat-vodnik.si\/index.php?rest_route=\/wp\/v2\/product\/17171","targetHints":{"allow":["GET"]}}],"collection":[{"href":"https:\/\/www.antikvariat-vodnik.si\/index.php?rest_route=\/wp\/v2\/product"}],"about":[{"href":"https:\/\/www.antikvariat-vodnik.si\/index.php?rest_route=\/wp\/v2\/types\/product"}],"wp:featuredmedia":[{"embeddable":true,"href":"https:\/\/www.antikvariat-vodnik.si\/index.php?rest_route=\/wp\/v2\/media\/17017"}],"wp:attachment":[{"href":"https:\/\/www.antikvariat-vodnik.si\/index.php?rest_route=%2Fwp%2Fv2%2Fmedia&parent=17171"}],"wp:term":[{"taxonomy":"product_brand","embeddable":true,"href":"https:\/\/www.antikvariat-vodnik.si\/index.php?rest_route=%2Fwp%2Fv2%2Fproduct_brand&post=17171"},{"taxonomy":"product_cat","embeddable":true,"href":"https:\/\/www.antikvariat-vodnik.si\/index.php?rest_route=%2Fwp%2Fv2%2Fproduct_cat&post=17171"},{"taxonomy":"product_tag","embeddable":true,"href":"https:\/\/www.antikvariat-vodnik.si\/index.php?rest_route=%2Fwp%2Fv2%2Fproduct_tag&post=17171"}],"curies":[{"name":"wp","href":"https:\/\/api.w.org\/{rel}","templated":true}]}}