{"id":17146,"date":"2021-10-31T21:06:20","date_gmt":"2021-10-31T20:06:20","guid":{"rendered":"https:\/\/www.antikvariat-vodnik.si\/?post_type=product&#038;p=17146"},"modified":"2026-04-08T22:43:45","modified_gmt":"2026-04-08T20:43:45","slug":"voditeljstvo-vodenje-in-sodelovanje-moc-in-odgovornost-sonja-klopcic","status":"publish","type":"product","link":"https:\/\/www.antikvariat-vodnik.si\/?product=voditeljstvo-vodenje-in-sodelovanje-moc-in-odgovornost-sonja-klopcic","title":{"rendered":"VODITELJSTVO. Vodenje in sodelovanje, mo\u010d in odgovornost. Sonja Klop\u010di\u010d"},"content":{"rendered":"<p>218 strani, trda vezava, 24,5 cm,\u00a0 samozalo\u017eba 2015, knjiga je kot nova<\/p>\n","protected":false},"excerpt":{"rendered":"<p>218 strani, trda vezava, 24,5 cm,\u00a0 samozalo\u017eba 2015, knjiga je kot nova<\/p>\n","protected":false},"featured_media":16274,"template":"","meta":{"_monsterinsights_skip_tracking":false,"_monsterinsights_sitenote_active":false,"_monsterinsights_sitenote_note":"","_monsterinsights_sitenote_category":0},"product_brand":[],"product_cat":[17,19,16,44],"product_tag":[],"class_list":{"0":"post-17146","1":"product","2":"type-product","3":"status-publish","4":"has-post-thumbnail","6":"product_cat-antikvarne-knjige","7":"product_cat-humanistika-druzboslovje","8":"product_cat-katalog-knjig","9":"product_cat-pravo-ekonomija-management","11":"first","12":"instock","13":"taxable","14":"shipping-taxable","15":"purchasable","16":"product-type-simple"},"jetpack_sharing_enabled":true,"_links":{"self":[{"href":"https:\/\/www.antikvariat-vodnik.si\/index.php?rest_route=\/wp\/v2\/product\/17146","targetHints":{"allow":["GET"]}}],"collection":[{"href":"https:\/\/www.antikvariat-vodnik.si\/index.php?rest_route=\/wp\/v2\/product"}],"about":[{"href":"https:\/\/www.antikvariat-vodnik.si\/index.php?rest_route=\/wp\/v2\/types\/product"}],"wp:featuredmedia":[{"embeddable":true,"href":"https:\/\/www.antikvariat-vodnik.si\/index.php?rest_route=\/wp\/v2\/media\/16274"}],"wp:attachment":[{"href":"https:\/\/www.antikvariat-vodnik.si\/index.php?rest_route=%2Fwp%2Fv2%2Fmedia&parent=17146"}],"wp:term":[{"taxonomy":"product_brand","embeddable":true,"href":"https:\/\/www.antikvariat-vodnik.si\/index.php?rest_route=%2Fwp%2Fv2%2Fproduct_brand&post=17146"},{"taxonomy":"product_cat","embeddable":true,"href":"https:\/\/www.antikvariat-vodnik.si\/index.php?rest_route=%2Fwp%2Fv2%2Fproduct_cat&post=17146"},{"taxonomy":"product_tag","embeddable":true,"href":"https:\/\/www.antikvariat-vodnik.si\/index.php?rest_route=%2Fwp%2Fv2%2Fproduct_tag&post=17146"}],"curies":[{"name":"wp","href":"https:\/\/api.w.org\/{rel}","templated":true}]}}