{"id":16035,"date":"2021-09-17T18:00:02","date_gmt":"2021-09-17T16:00:02","guid":{"rendered":"https:\/\/www.antikvariat-vodnik.si\/?post_type=product&#038;p=16035"},"modified":"2024-01-07T15:53:09","modified_gmt":"2024-01-07T14:53:09","slug":"poti-v-neznano-zvone-seruga","status":"publish","type":"product","link":"https:\/\/www.antikvariat-vodnik.si\/?product=poti-v-neznano-zvone-seruga","title":{"rendered":"POTI V NEZNANO, Zvone \u0160eruga"},"content":{"rendered":"<p>368 strani, trda vezava, 24 cm, izdal: samozalo\u017eba, Ljubljana 1999, lepo ohranjeno + \u0161\u010ditni ovitek + podpis<\/p>\n","protected":false},"excerpt":{"rendered":"<p>368 strani, trda vezava, 24 cm, izdal: samozalo\u017eba, Ljubljana 1999, lepo ohranjeno + \u0161\u010ditni ovitek + podpis<\/p>\n","protected":false},"featured_media":15760,"template":"","meta":{"_monsterinsights_skip_tracking":false,"_monsterinsights_sitenote_active":false,"_monsterinsights_sitenote_note":"","_monsterinsights_sitenote_category":0},"product_brand":[],"product_cat":[17,21,16,26,54,55],"product_tag":[],"class_list":{"0":"post-16035","1":"product","2":"type-product","3":"status-publish","4":"has-post-thumbnail","6":"product_cat-antikvarne-knjige","7":"product_cat-biografije","8":"product_cat-katalog-knjig","9":"product_cat-prirocniki-uporabne-vede-duhovnost","10":"product_cat-sport-prosti-cas-hobby","11":"product_cat-turizem-gornistvo-alpinizem","13":"first","14":"instock","15":"taxable","16":"shipping-taxable","17":"purchasable","18":"product-type-simple"},"jetpack_sharing_enabled":true,"_links":{"self":[{"href":"https:\/\/www.antikvariat-vodnik.si\/index.php?rest_route=\/wp\/v2\/product\/16035","targetHints":{"allow":["GET"]}}],"collection":[{"href":"https:\/\/www.antikvariat-vodnik.si\/index.php?rest_route=\/wp\/v2\/product"}],"about":[{"href":"https:\/\/www.antikvariat-vodnik.si\/index.php?rest_route=\/wp\/v2\/types\/product"}],"wp:featuredmedia":[{"embeddable":true,"href":"https:\/\/www.antikvariat-vodnik.si\/index.php?rest_route=\/wp\/v2\/media\/15760"}],"wp:attachment":[{"href":"https:\/\/www.antikvariat-vodnik.si\/index.php?rest_route=%2Fwp%2Fv2%2Fmedia&parent=16035"}],"wp:term":[{"taxonomy":"product_brand","embeddable":true,"href":"https:\/\/www.antikvariat-vodnik.si\/index.php?rest_route=%2Fwp%2Fv2%2Fproduct_brand&post=16035"},{"taxonomy":"product_cat","embeddable":true,"href":"https:\/\/www.antikvariat-vodnik.si\/index.php?rest_route=%2Fwp%2Fv2%2Fproduct_cat&post=16035"},{"taxonomy":"product_tag","embeddable":true,"href":"https:\/\/www.antikvariat-vodnik.si\/index.php?rest_route=%2Fwp%2Fv2%2Fproduct_tag&post=16035"}],"curies":[{"name":"wp","href":"https:\/\/api.w.org\/{rel}","templated":true}]}}