{"id":15674,"date":"2021-09-10T18:26:10","date_gmt":"2021-09-10T16:26:10","guid":{"rendered":"https:\/\/www.antikvariat-vodnik.si\/?post_type=product&#038;p=15674"},"modified":"2021-09-10T18:26:34","modified_gmt":"2021-09-10T16:26:34","slug":"marjan-kolar-od-eseja-do-romana-marija-irma-vacun-kolar","status":"publish","type":"product","link":"https:\/\/www.antikvariat-vodnik.si\/?product=marjan-kolar-od-eseja-do-romana-marija-irma-vacun-kolar","title":{"rendered":"MARJAN KOLAR: OD ESEJA DO ROMANA, Marija Irma Va\u010dun Kolar"},"content":{"rendered":"<p>278 strani, trda vezava, 28 cm, izdal: Ob\u010dina, Ravne na Koro\u0161\u010dem 2015, knjiga je kot nova<\/p>\n","protected":false},"excerpt":{"rendered":"<p>278 strani, trda vezava, 28 cm, izdal: Ob\u010dina, Ravne na Koro\u0161\u010dem 2015, knjiga je kot nova<\/p>\n","protected":false},"featured_media":15653,"template":"","meta":{"_monsterinsights_skip_tracking":false,"_monsterinsights_sitenote_active":false,"_monsterinsights_sitenote_note":"","_monsterinsights_sitenote_category":0},"product_brand":[],"product_cat":[17,19,16,46],"product_tag":[],"class_list":{"0":"post-15674","1":"product","2":"type-product","3":"status-publish","4":"has-post-thumbnail","6":"product_cat-antikvarne-knjige","7":"product_cat-humanistika-druzboslovje","8":"product_cat-katalog-knjig","9":"product_cat-literarna-teorija","11":"first","12":"instock","13":"taxable","14":"shipping-taxable","15":"purchasable","16":"product-type-simple"},"jetpack_sharing_enabled":true,"_links":{"self":[{"href":"https:\/\/www.antikvariat-vodnik.si\/index.php?rest_route=\/wp\/v2\/product\/15674","targetHints":{"allow":["GET"]}}],"collection":[{"href":"https:\/\/www.antikvariat-vodnik.si\/index.php?rest_route=\/wp\/v2\/product"}],"about":[{"href":"https:\/\/www.antikvariat-vodnik.si\/index.php?rest_route=\/wp\/v2\/types\/product"}],"wp:featuredmedia":[{"embeddable":true,"href":"https:\/\/www.antikvariat-vodnik.si\/index.php?rest_route=\/wp\/v2\/media\/15653"}],"wp:attachment":[{"href":"https:\/\/www.antikvariat-vodnik.si\/index.php?rest_route=%2Fwp%2Fv2%2Fmedia&parent=15674"}],"wp:term":[{"taxonomy":"product_brand","embeddable":true,"href":"https:\/\/www.antikvariat-vodnik.si\/index.php?rest_route=%2Fwp%2Fv2%2Fproduct_brand&post=15674"},{"taxonomy":"product_cat","embeddable":true,"href":"https:\/\/www.antikvariat-vodnik.si\/index.php?rest_route=%2Fwp%2Fv2%2Fproduct_cat&post=15674"},{"taxonomy":"product_tag","embeddable":true,"href":"https:\/\/www.antikvariat-vodnik.si\/index.php?rest_route=%2Fwp%2Fv2%2Fproduct_tag&post=15674"}],"curies":[{"name":"wp","href":"https:\/\/api.w.org\/{rel}","templated":true}]}}