{"id":1550,"date":"2020-11-27T18:11:36","date_gmt":"2020-11-27T17:11:36","guid":{"rendered":"https:\/\/www.antikvariat-vodnik.si\/?post_type=product&#038;p=1550"},"modified":"2023-04-03T18:11:25","modified_gmt":"2023-04-03T16:11:25","slug":"skrivnost-osvobajanja-guy-finley","status":"publish","type":"product","link":"https:\/\/www.antikvariat-vodnik.si\/?product=skrivnost-osvobajanja-guy-finley","title":{"rendered":"SKRIVNOST OSVOBAJANJA Guy Finley"},"content":{"rendered":"<div class=\"wrap-main\">\n<div class=\"wrap-content ContentLayout ContentLayout--delta ContentLayout--baseEntity cf\">\n<div class=\"content-primary\">\n<div class=\"wrap-content-primary cf\">\n<div class=\"content-main\">\n<article class=\"base-entity \">\n<div class=\"base-entity-content-container block-standard block-standard--with-tabs\">\n<div class=\"base-entity-content block-standard-content block-standard-content--alpha\">\n<div id=\"base-entity-data-tab\" class=\"tab-block entity-tab base-entity-tab base-entity-tab--data kist-Tabify-pane is-active\" role=\"tabpanel\" aria-hidden=\"false\" aria-labelledby=\"base-entity-data-tab\">\n<div class=\"wrap-base-entity-tab--data cf\">\n<div class=\"base-entity-description\">\n<div class=\"passage-standard passage-standard--alpha\">\n<div id=\"__xclaimwords_wrapper\">\n<p>Ali \u017eelite \u017eiveti svobodno, mirno in sre\u010dno \u017eivljenje?, 284 strani, mehka vezava, 21 cm, Cangura 2010, lepo ohranjeno<\/p>\n<\/div>\n<\/div>\n<\/div>\n<\/div>\n<\/div>\n<\/div>\n<\/div>\n<\/article>\n<\/div>\n<\/div>\n<\/div>\n<\/div>\n<\/div>\n","protected":false},"excerpt":{"rendered":"<p>Ali \u017eelite \u017eiveti svobodno, mirno in sre\u010dno \u017eivljenje?, 284 strani, mehka vezava, 21 cm, Cangura 2010, lepo ohranjeno<\/p>\n","protected":false},"featured_media":1378,"template":"","meta":{"_monsterinsights_skip_tracking":false,"_monsterinsights_sitenote_active":false,"_monsterinsights_sitenote_note":"","_monsterinsights_sitenote_category":0},"product_brand":[],"product_cat":[17,16,89,51,26,49],"product_tag":[],"class_list":{"0":"post-1550","1":"product","2":"type-product","3":"status-publish","4":"has-post-thumbnail","6":"product_cat-antikvarne-knjige","7":"product_cat-katalog-knjig","8":"product_cat-osebna-rast","9":"product_cat-popularna-psihologija-ezoterika","10":"product_cat-prirocniki-uporabne-vede-duhovnost","11":"product_cat-zdravje","13":"first","14":"instock","15":"taxable","16":"shipping-taxable","17":"purchasable","18":"product-type-simple"},"jetpack_sharing_enabled":true,"_links":{"self":[{"href":"https:\/\/www.antikvariat-vodnik.si\/index.php?rest_route=\/wp\/v2\/product\/1550","targetHints":{"allow":["GET"]}}],"collection":[{"href":"https:\/\/www.antikvariat-vodnik.si\/index.php?rest_route=\/wp\/v2\/product"}],"about":[{"href":"https:\/\/www.antikvariat-vodnik.si\/index.php?rest_route=\/wp\/v2\/types\/product"}],"wp:featuredmedia":[{"embeddable":true,"href":"https:\/\/www.antikvariat-vodnik.si\/index.php?rest_route=\/wp\/v2\/media\/1378"}],"wp:attachment":[{"href":"https:\/\/www.antikvariat-vodnik.si\/index.php?rest_route=%2Fwp%2Fv2%2Fmedia&parent=1550"}],"wp:term":[{"taxonomy":"product_brand","embeddable":true,"href":"https:\/\/www.antikvariat-vodnik.si\/index.php?rest_route=%2Fwp%2Fv2%2Fproduct_brand&post=1550"},{"taxonomy":"product_cat","embeddable":true,"href":"https:\/\/www.antikvariat-vodnik.si\/index.php?rest_route=%2Fwp%2Fv2%2Fproduct_cat&post=1550"},{"taxonomy":"product_tag","embeddable":true,"href":"https:\/\/www.antikvariat-vodnik.si\/index.php?rest_route=%2Fwp%2Fv2%2Fproduct_tag&post=1550"}],"curies":[{"name":"wp","href":"https:\/\/api.w.org\/{rel}","templated":true}]}}