{"id":14653,"date":"2021-08-12T16:57:18","date_gmt":"2021-08-12T14:57:18","guid":{"rendered":"https:\/\/www.antikvariat-vodnik.si\/?post_type=product&#038;p=14653"},"modified":"2025-12-22T17:40:13","modified_gmt":"2025-12-22T16:40:13","slug":"koristni-cudezi-za-moske-in-zenske-dr-john-gray","status":"publish","type":"product","link":"https:\/\/www.antikvariat-vodnik.si\/?product=koristni-cudezi-za-moske-in-zenske-dr-john-gray","title":{"rendered":"KORISTNI \u010cUDE\u017dI ZA MO\u0160KE IN \u017dENSKE, Dr. John Gray"},"content":{"rendered":"<p>244 strani, trda vezava, 24,5 cm, izdal: Mladinska knjiga, Ljubljana 2004, lepo ohranjena<\/p>\n","protected":false},"excerpt":{"rendered":"<p>244 strani, trda vezava, 24,5 cm, izdal: Mladinska knjiga, Ljubljana 2004, lepo ohranjena<\/p>\n","protected":false},"featured_media":14556,"template":"","meta":{"_monsterinsights_skip_tracking":false,"_monsterinsights_sitenote_active":false,"_monsterinsights_sitenote_note":"","_monsterinsights_sitenote_category":0},"product_brand":[],"product_cat":[17,16,103,26],"product_tag":[],"class_list":{"0":"post-14653","1":"product","2":"type-product","3":"status-publish","4":"has-post-thumbnail","6":"product_cat-antikvarne-knjige","7":"product_cat-katalog-knjig","8":"product_cat-ljubezen-erotika-odnosi","9":"product_cat-prirocniki-uporabne-vede-duhovnost","11":"first","12":"instock","13":"taxable","14":"shipping-taxable","15":"purchasable","16":"product-type-simple"},"jetpack_sharing_enabled":true,"_links":{"self":[{"href":"https:\/\/www.antikvariat-vodnik.si\/index.php?rest_route=\/wp\/v2\/product\/14653","targetHints":{"allow":["GET"]}}],"collection":[{"href":"https:\/\/www.antikvariat-vodnik.si\/index.php?rest_route=\/wp\/v2\/product"}],"about":[{"href":"https:\/\/www.antikvariat-vodnik.si\/index.php?rest_route=\/wp\/v2\/types\/product"}],"wp:featuredmedia":[{"embeddable":true,"href":"https:\/\/www.antikvariat-vodnik.si\/index.php?rest_route=\/wp\/v2\/media\/14556"}],"wp:attachment":[{"href":"https:\/\/www.antikvariat-vodnik.si\/index.php?rest_route=%2Fwp%2Fv2%2Fmedia&parent=14653"}],"wp:term":[{"taxonomy":"product_brand","embeddable":true,"href":"https:\/\/www.antikvariat-vodnik.si\/index.php?rest_route=%2Fwp%2Fv2%2Fproduct_brand&post=14653"},{"taxonomy":"product_cat","embeddable":true,"href":"https:\/\/www.antikvariat-vodnik.si\/index.php?rest_route=%2Fwp%2Fv2%2Fproduct_cat&post=14653"},{"taxonomy":"product_tag","embeddable":true,"href":"https:\/\/www.antikvariat-vodnik.si\/index.php?rest_route=%2Fwp%2Fv2%2Fproduct_tag&post=14653"}],"curies":[{"name":"wp","href":"https:\/\/api.w.org\/{rel}","templated":true}]}}