{"id":14468,"date":"2021-08-09T18:51:31","date_gmt":"2021-08-09T16:51:31","guid":{"rendered":"https:\/\/www.antikvariat-vodnik.si\/?post_type=product&#038;p=14468"},"modified":"2026-02-20T11:00:43","modified_gmt":"2026-02-20T10:00:43","slug":"sto-prasickov-poje-ljubezen-premaga-vse","status":"publish","type":"product","link":"https:\/\/www.antikvariat-vodnik.si\/?product=sto-prasickov-poje-ljubezen-premaga-vse","title":{"rendered":"STO PRA\u0160I\u010cKOV POJE: LJUBEZEN PREMAGA VSE, Gregor Gre\u0161ak"},"content":{"rendered":"<p>548 strani, mehka vezava, 23,5 cm, izdal: KUD Medvedek, Stari trg pri Lo\u017eu, 2015, lepo ohranjena<\/p>\n","protected":false},"excerpt":{"rendered":"<p>548 strani, mehka vezava, 23,5 cm, izdal: KUD Medvedek, Stari trg pri Lo\u017eu, 2015, lepo ohranjena<\/p>\n","protected":false},"featured_media":14352,"template":"","meta":{"_monsterinsights_skip_tracking":false,"_monsterinsights_sitenote_active":false,"_monsterinsights_sitenote_note":"","_monsterinsights_sitenote_category":0},"product_brand":[],"product_cat":[17,16,27,66],"product_tag":[],"class_list":{"0":"post-14468","1":"product","2":"type-product","3":"status-publish","4":"has-post-thumbnail","6":"product_cat-antikvarne-knjige","7":"product_cat-katalog-knjig","8":"product_cat-leposlovje","9":"product_cat-poezija","11":"first","12":"instock","13":"taxable","14":"shipping-taxable","15":"purchasable","16":"product-type-simple"},"jetpack_sharing_enabled":true,"_links":{"self":[{"href":"https:\/\/www.antikvariat-vodnik.si\/index.php?rest_route=\/wp\/v2\/product\/14468","targetHints":{"allow":["GET"]}}],"collection":[{"href":"https:\/\/www.antikvariat-vodnik.si\/index.php?rest_route=\/wp\/v2\/product"}],"about":[{"href":"https:\/\/www.antikvariat-vodnik.si\/index.php?rest_route=\/wp\/v2\/types\/product"}],"wp:featuredmedia":[{"embeddable":true,"href":"https:\/\/www.antikvariat-vodnik.si\/index.php?rest_route=\/wp\/v2\/media\/14352"}],"wp:attachment":[{"href":"https:\/\/www.antikvariat-vodnik.si\/index.php?rest_route=%2Fwp%2Fv2%2Fmedia&parent=14468"}],"wp:term":[{"taxonomy":"product_brand","embeddable":true,"href":"https:\/\/www.antikvariat-vodnik.si\/index.php?rest_route=%2Fwp%2Fv2%2Fproduct_brand&post=14468"},{"taxonomy":"product_cat","embeddable":true,"href":"https:\/\/www.antikvariat-vodnik.si\/index.php?rest_route=%2Fwp%2Fv2%2Fproduct_cat&post=14468"},{"taxonomy":"product_tag","embeddable":true,"href":"https:\/\/www.antikvariat-vodnik.si\/index.php?rest_route=%2Fwp%2Fv2%2Fproduct_tag&post=14468"}],"curies":[{"name":"wp","href":"https:\/\/api.w.org\/{rel}","templated":true}]}}