{"id":14168,"date":"2021-08-02T18:03:15","date_gmt":"2021-08-02T16:03:15","guid":{"rendered":"https:\/\/www.antikvariat-vodnik.si\/?post_type=product&#038;p=14168"},"modified":"2025-09-01T18:46:37","modified_gmt":"2025-09-01T16:46:37","slug":"jurij-vega","status":"publish","type":"product","link":"https:\/\/www.antikvariat-vodnik.si\/?product=jurij-vega","title":{"rendered":"JURIJ VEGA, Sandi Sitar, Gorazd \u010cad"},"content":{"rendered":"<p>176 strani, trda vezava, 24 cm, izdal: Turisti\u010dno dru\u0161tvo Dolsko, Ljubljana 2002, lepo ohranjena + \u0161\u010ditni ovitek, v slo, ang in nem<\/p>\n","protected":false},"excerpt":{"rendered":"<p>176 strani, trda vezava, 24 cm, izdal: Turisti\u010dno dru\u0161tvo Dolsko, Ljubljana 2002, lepo ohranjena + \u0161\u010ditni ovitek, v slo, ang in nem<\/p>\n","protected":false},"featured_media":14098,"template":"","meta":{"_monsterinsights_skip_tracking":false,"_monsterinsights_sitenote_active":false,"_monsterinsights_sitenote_note":"","_monsterinsights_sitenote_category":0},"product_brand":[],"product_cat":[69,17,19,16,28,95,70,43],"product_tag":[],"class_list":{"0":"post-14168","1":"product","2":"type-product","3":"status-publish","4":"has-post-thumbnail","6":"product_cat-angleski-jezik","7":"product_cat-antikvarne-knjige","8":"product_cat-humanistika-druzboslovje","9":"product_cat-katalog-knjig","10":"product_cat-knjige-v-tujih-jezikih","11":"product_cat-kultura-humanistika-druzboslovje","12":"product_cat-nemski-jezik","13":"product_cat-zgodovina-domoznanstvo","15":"first","16":"instock","17":"taxable","18":"shipping-taxable","19":"purchasable","20":"product-type-simple"},"jetpack_sharing_enabled":true,"_links":{"self":[{"href":"https:\/\/www.antikvariat-vodnik.si\/index.php?rest_route=\/wp\/v2\/product\/14168","targetHints":{"allow":["GET"]}}],"collection":[{"href":"https:\/\/www.antikvariat-vodnik.si\/index.php?rest_route=\/wp\/v2\/product"}],"about":[{"href":"https:\/\/www.antikvariat-vodnik.si\/index.php?rest_route=\/wp\/v2\/types\/product"}],"wp:featuredmedia":[{"embeddable":true,"href":"https:\/\/www.antikvariat-vodnik.si\/index.php?rest_route=\/wp\/v2\/media\/14098"}],"wp:attachment":[{"href":"https:\/\/www.antikvariat-vodnik.si\/index.php?rest_route=%2Fwp%2Fv2%2Fmedia&parent=14168"}],"wp:term":[{"taxonomy":"product_brand","embeddable":true,"href":"https:\/\/www.antikvariat-vodnik.si\/index.php?rest_route=%2Fwp%2Fv2%2Fproduct_brand&post=14168"},{"taxonomy":"product_cat","embeddable":true,"href":"https:\/\/www.antikvariat-vodnik.si\/index.php?rest_route=%2Fwp%2Fv2%2Fproduct_cat&post=14168"},{"taxonomy":"product_tag","embeddable":true,"href":"https:\/\/www.antikvariat-vodnik.si\/index.php?rest_route=%2Fwp%2Fv2%2Fproduct_tag&post=14168"}],"curies":[{"name":"wp","href":"https:\/\/api.w.org\/{rel}","templated":true}]}}