{"id":14167,"date":"2021-08-02T17:51:57","date_gmt":"2021-08-02T15:51:57","guid":{"rendered":"https:\/\/www.antikvariat-vodnik.si\/?post_type=product&#038;p=14167"},"modified":"2022-04-08T12:29:15","modified_gmt":"2022-04-08T10:29:15","slug":"janez-evangelist-krek-s-janezic-in-j-juhant","status":"publish","type":"product","link":"https:\/\/www.antikvariat-vodnik.si\/?product=janez-evangelist-krek-s-janezic-in-j-juhant","title":{"rendered":"JANEZ EVANGELIST KREK, S. Jane\u017ei\u010d in J. Juhant"},"content":{"rendered":"<p>352 strani, trda vezava, 26 cm, izdal: Slom\u0161kova zalo\u017eba, Maribor 1998, zelo lepo ohranjena, s \u0161\u010ditnim ovitkom<\/p>\n","protected":false},"excerpt":{"rendered":"<p>352 strani, trda vezava, 26 cm, izdal: Slom\u0161kova zalo\u017eba, Maribor 1998, zelo lepo ohranjena, s \u0161\u010ditnim ovitkom<\/p>\n","protected":false},"featured_media":14096,"template":"","meta":{"_monsterinsights_skip_tracking":false,"_monsterinsights_sitenote_active":false,"_monsterinsights_sitenote_note":"","_monsterinsights_sitenote_category":0},"product_brand":[],"product_cat":[17,16,30],"product_tag":[],"class_list":{"0":"post-14167","1":"product","2":"type-product","3":"status-publish","4":"has-post-thumbnail","6":"product_cat-antikvarne-knjige","7":"product_cat-katalog-knjig","8":"product_cat-religija","10":"first","11":"outofstock","12":"taxable","13":"shipping-taxable","14":"purchasable","15":"product-type-simple"},"jetpack_sharing_enabled":true,"_links":{"self":[{"href":"https:\/\/www.antikvariat-vodnik.si\/index.php?rest_route=\/wp\/v2\/product\/14167","targetHints":{"allow":["GET"]}}],"collection":[{"href":"https:\/\/www.antikvariat-vodnik.si\/index.php?rest_route=\/wp\/v2\/product"}],"about":[{"href":"https:\/\/www.antikvariat-vodnik.si\/index.php?rest_route=\/wp\/v2\/types\/product"}],"wp:featuredmedia":[{"embeddable":true,"href":"https:\/\/www.antikvariat-vodnik.si\/index.php?rest_route=\/wp\/v2\/media\/14096"}],"wp:attachment":[{"href":"https:\/\/www.antikvariat-vodnik.si\/index.php?rest_route=%2Fwp%2Fv2%2Fmedia&parent=14167"}],"wp:term":[{"taxonomy":"product_brand","embeddable":true,"href":"https:\/\/www.antikvariat-vodnik.si\/index.php?rest_route=%2Fwp%2Fv2%2Fproduct_brand&post=14167"},{"taxonomy":"product_cat","embeddable":true,"href":"https:\/\/www.antikvariat-vodnik.si\/index.php?rest_route=%2Fwp%2Fv2%2Fproduct_cat&post=14167"},{"taxonomy":"product_tag","embeddable":true,"href":"https:\/\/www.antikvariat-vodnik.si\/index.php?rest_route=%2Fwp%2Fv2%2Fproduct_tag&post=14167"}],"curies":[{"name":"wp","href":"https:\/\/api.w.org\/{rel}","templated":true}]}}