{"id":13205,"date":"2021-06-20T10:01:26","date_gmt":"2021-06-20T08:01:26","guid":{"rendered":"https:\/\/www.antikvariat-vodnik.si\/?post_type=product&#038;p=13205"},"modified":"2023-03-04T17:54:32","modified_gmt":"2023-03-04T16:54:32","slug":"crna-kokoska-a-pogorelskij","status":"publish","type":"product","link":"https:\/\/www.antikvariat-vodnik.si\/?product=crna-kokoska-a-pogorelskij","title":{"rendered":"\u010cRNA KOKO\u0160KA, A. Pogorelskij"},"content":{"rendered":"<p>48 strani, mehka vezava, 19 cm, Izdala MK zalo\u017eba GOZMS 1946, lepo ohranjeno<\/p>\n","protected":false},"excerpt":{"rendered":"<p>48 strani, mehka vezava, 19 cm, Izdala MK zalo\u017eba GOZMS 1946, lepo ohranjeno<\/p>\n","protected":false},"featured_media":13041,"template":"","meta":{"_monsterinsights_skip_tracking":false,"_monsterinsights_sitenote_active":false,"_monsterinsights_sitenote_note":"","_monsterinsights_sitenote_category":0},"product_brand":[],"product_cat":[17,22,16,27,65],"product_tag":[],"class_list":{"0":"post-13205","1":"product","2":"type-product","3":"status-publish","4":"has-post-thumbnail","6":"product_cat-antikvarne-knjige","7":"product_cat-bibliofilske-knjige","8":"product_cat-katalog-knjig","9":"product_cat-leposlovje","10":"product_cat-proza-tuji-avtorji","12":"first","13":"instock","14":"taxable","15":"shipping-taxable","16":"purchasable","17":"product-type-simple"},"jetpack_sharing_enabled":true,"_links":{"self":[{"href":"https:\/\/www.antikvariat-vodnik.si\/index.php?rest_route=\/wp\/v2\/product\/13205","targetHints":{"allow":["GET"]}}],"collection":[{"href":"https:\/\/www.antikvariat-vodnik.si\/index.php?rest_route=\/wp\/v2\/product"}],"about":[{"href":"https:\/\/www.antikvariat-vodnik.si\/index.php?rest_route=\/wp\/v2\/types\/product"}],"wp:featuredmedia":[{"embeddable":true,"href":"https:\/\/www.antikvariat-vodnik.si\/index.php?rest_route=\/wp\/v2\/media\/13041"}],"wp:attachment":[{"href":"https:\/\/www.antikvariat-vodnik.si\/index.php?rest_route=%2Fwp%2Fv2%2Fmedia&parent=13205"}],"wp:term":[{"taxonomy":"product_brand","embeddable":true,"href":"https:\/\/www.antikvariat-vodnik.si\/index.php?rest_route=%2Fwp%2Fv2%2Fproduct_brand&post=13205"},{"taxonomy":"product_cat","embeddable":true,"href":"https:\/\/www.antikvariat-vodnik.si\/index.php?rest_route=%2Fwp%2Fv2%2Fproduct_cat&post=13205"},{"taxonomy":"product_tag","embeddable":true,"href":"https:\/\/www.antikvariat-vodnik.si\/index.php?rest_route=%2Fwp%2Fv2%2Fproduct_tag&post=13205"}],"curies":[{"name":"wp","href":"https:\/\/api.w.org\/{rel}","templated":true}]}}