{"id":1287,"date":"2020-11-27T14:52:30","date_gmt":"2020-11-27T13:52:30","guid":{"rendered":"https:\/\/www.antikvariat-vodnik.si\/?post_type=product&#038;p=1287"},"modified":"2026-04-04T19:45:18","modified_gmt":"2026-04-04T17:45:18","slug":"recno-pristanisce-zalog-minka-jerebic","status":"publish","type":"product","link":"https:\/\/www.antikvariat-vodnik.si\/?product=recno-pristanisce-zalog-minka-jerebic","title":{"rendered":"RE\u010cNO PRISTANI\u0160\u010cE ZALOG Minka Jerebi\u010d"},"content":{"rendered":"<div class=\"wrap-main\">\n<div class=\"wrap-content ContentLayout ContentLayout--delta ContentLayout--baseEntity cf\">\n<div class=\"content-primary\">\n<div class=\"wrap-content-primary cf\">\n<div class=\"content-main\">\n<article class=\"base-entity \">\n<div class=\"base-entity-content-container block-standard block-standard--with-tabs\">\n<div class=\"base-entity-content block-standard-content block-standard-content--alpha\">\n<div id=\"base-entity-data-tab\" class=\"tab-block entity-tab base-entity-tab base-entity-tab--data kist-Tabify-pane is-active\" role=\"tabpanel\" aria-hidden=\"false\" aria-labelledby=\"base-entity-data-tab\">\n<div class=\"wrap-base-entity-tab--data cf\">\n<div class=\"base-entity-description\">\n<div class=\"passage-standard passage-standard--alpha\">\n<div id=\"__xclaimwords_wrapper\">\n<div class=\"wrap-main\">\n<div class=\"wrap-content ContentLayout ContentLayout--delta ContentLayout--baseEntity cf\">\n<div class=\"content-primary\">\n<div class=\"wrap-content-primary cf\">\n<div class=\"content-main\">\n<article class=\"base-entity \">\n<div class=\"base-entity-content-container block-standard block-standard--with-tabs\">\n<div class=\"base-entity-content block-standard-content block-standard-content--alpha\">\n<div id=\"base-entity-data-tab\" class=\"tab-block entity-tab base-entity-tab base-entity-tab--data kist-Tabify-pane is-active\" role=\"tabpanel\" aria-hidden=\"false\" aria-labelledby=\"base-entity-data-tab\">\n<div class=\"wrap-base-entity-tab--data cf\">\n<div class=\"base-entity-description\">\n<div class=\"passage-standard passage-standard--alpha\">\n<div id=\"__xclaimwords_wrapper\">\n<p>298 strani, trda vezava, 22 cm, Turisti\u010dno dru\u0161tvo Zalog 2014, lepo ohranjeno<\/p>\n<\/div>\n<\/div>\n<\/div>\n<\/div>\n<\/div>\n<\/div>\n<\/div>\n<\/article>\n<\/div>\n<\/div>\n<\/div>\n<\/div>\n<\/div>\n<p>.<\/p>\n<\/div>\n<\/div>\n<\/div>\n<\/div>\n<\/div>\n<\/div>\n<\/div>\n<\/article>\n<\/div>\n<\/div>\n<\/div>\n<\/div>\n<\/div>\n","protected":false},"excerpt":{"rendered":"<p>298 strani, trda vezava, 22 cm, Turisti\u010dno dru\u0161tvo Zalog 2014, lepo ohranjeno .<\/p>\n","protected":false},"featured_media":1178,"template":"","meta":{"_monsterinsights_skip_tracking":false,"_monsterinsights_sitenote_active":false,"_monsterinsights_sitenote_note":"","_monsterinsights_sitenote_category":0},"product_brand":[],"product_cat":[17,19,16,43],"product_tag":[],"class_list":{"0":"post-1287","1":"product","2":"type-product","3":"status-publish","4":"has-post-thumbnail","6":"product_cat-antikvarne-knjige","7":"product_cat-humanistika-druzboslovje","8":"product_cat-katalog-knjig","9":"product_cat-zgodovina-domoznanstvo","11":"first","12":"instock","13":"taxable","14":"shipping-taxable","15":"purchasable","16":"product-type-simple"},"jetpack_sharing_enabled":true,"_links":{"self":[{"href":"https:\/\/www.antikvariat-vodnik.si\/index.php?rest_route=\/wp\/v2\/product\/1287","targetHints":{"allow":["GET"]}}],"collection":[{"href":"https:\/\/www.antikvariat-vodnik.si\/index.php?rest_route=\/wp\/v2\/product"}],"about":[{"href":"https:\/\/www.antikvariat-vodnik.si\/index.php?rest_route=\/wp\/v2\/types\/product"}],"wp:featuredmedia":[{"embeddable":true,"href":"https:\/\/www.antikvariat-vodnik.si\/index.php?rest_route=\/wp\/v2\/media\/1178"}],"wp:attachment":[{"href":"https:\/\/www.antikvariat-vodnik.si\/index.php?rest_route=%2Fwp%2Fv2%2Fmedia&parent=1287"}],"wp:term":[{"taxonomy":"product_brand","embeddable":true,"href":"https:\/\/www.antikvariat-vodnik.si\/index.php?rest_route=%2Fwp%2Fv2%2Fproduct_brand&post=1287"},{"taxonomy":"product_cat","embeddable":true,"href":"https:\/\/www.antikvariat-vodnik.si\/index.php?rest_route=%2Fwp%2Fv2%2Fproduct_cat&post=1287"},{"taxonomy":"product_tag","embeddable":true,"href":"https:\/\/www.antikvariat-vodnik.si\/index.php?rest_route=%2Fwp%2Fv2%2Fproduct_tag&post=1287"}],"curies":[{"name":"wp","href":"https:\/\/api.w.org\/{rel}","templated":true}]}}