{"id":12768,"date":"2021-06-08T17:20:21","date_gmt":"2021-06-08T15:20:21","guid":{"rendered":"https:\/\/www.antikvariat-vodnik.si\/?post_type=product&#038;p=12768"},"modified":"2026-04-07T18:58:37","modified_gmt":"2026-04-07T16:58:37","slug":"srecal-sem-svojo-druzino-christian-gostecnik-ofm","status":"publish","type":"product","link":"https:\/\/www.antikvariat-vodnik.si\/?product=srecal-sem-svojo-druzino-christian-gostecnik-ofm","title":{"rendered":"SRE\u010cAL SEM SVOJO DRU\u017dINO, Christian Goste\u010dnik OFM"},"content":{"rendered":"<p>312 strani, trda vezava, 20,5 cm, izdal: Fra\u010di\u0161kanski dru\u017einski center, Ljubljana 1999, lepo ohranjena<\/p>\n","protected":false},"excerpt":{"rendered":"<p>312 strani, trda vezava, 20,5 cm, izdal: Fra\u010di\u0161kanski dru\u017einski center, Ljubljana 1999, lepo ohranjena<\/p>\n","protected":false},"featured_media":12479,"template":"","meta":{"_monsterinsights_skip_tracking":false,"_monsterinsights_sitenote_active":false,"_monsterinsights_sitenote_note":"","_monsterinsights_sitenote_category":0},"product_brand":[],"product_cat":[17,16,30],"product_tag":[],"class_list":{"0":"post-12768","1":"product","2":"type-product","3":"status-publish","4":"has-post-thumbnail","6":"product_cat-antikvarne-knjige","7":"product_cat-katalog-knjig","8":"product_cat-religija","10":"first","11":"instock","12":"taxable","13":"shipping-taxable","14":"purchasable","15":"product-type-simple"},"jetpack_sharing_enabled":true,"_links":{"self":[{"href":"https:\/\/www.antikvariat-vodnik.si\/index.php?rest_route=\/wp\/v2\/product\/12768","targetHints":{"allow":["GET"]}}],"collection":[{"href":"https:\/\/www.antikvariat-vodnik.si\/index.php?rest_route=\/wp\/v2\/product"}],"about":[{"href":"https:\/\/www.antikvariat-vodnik.si\/index.php?rest_route=\/wp\/v2\/types\/product"}],"wp:featuredmedia":[{"embeddable":true,"href":"https:\/\/www.antikvariat-vodnik.si\/index.php?rest_route=\/wp\/v2\/media\/12479"}],"wp:attachment":[{"href":"https:\/\/www.antikvariat-vodnik.si\/index.php?rest_route=%2Fwp%2Fv2%2Fmedia&parent=12768"}],"wp:term":[{"taxonomy":"product_brand","embeddable":true,"href":"https:\/\/www.antikvariat-vodnik.si\/index.php?rest_route=%2Fwp%2Fv2%2Fproduct_brand&post=12768"},{"taxonomy":"product_cat","embeddable":true,"href":"https:\/\/www.antikvariat-vodnik.si\/index.php?rest_route=%2Fwp%2Fv2%2Fproduct_cat&post=12768"},{"taxonomy":"product_tag","embeddable":true,"href":"https:\/\/www.antikvariat-vodnik.si\/index.php?rest_route=%2Fwp%2Fv2%2Fproduct_tag&post=12768"}],"curies":[{"name":"wp","href":"https:\/\/api.w.org\/{rel}","templated":true}]}}