{"id":1244,"date":"2020-11-25T18:57:20","date_gmt":"2020-11-25T17:57:20","guid":{"rendered":"https:\/\/www.antikvariat-vodnik.si\/?post_type=product&#038;p=1244"},"modified":"2020-11-25T18:57:38","modified_gmt":"2020-11-25T17:57:38","slug":"na-gredicah-moje-dezele-joze-zadravec-slovenske-zupnije","status":"publish","type":"product","link":"https:\/\/www.antikvariat-vodnik.si\/?product=na-gredicah-moje-dezele-joze-zadravec-slovenske-zupnije","title":{"rendered":"NA GREDICAH MOJE DE\u017dELE Jo\u017ee Zadravec (slovenske \u017eupnije)"},"content":{"rendered":"<div class=\"wrap-main\">\n<div class=\"wrap-content ContentLayout ContentLayout--delta ContentLayout--baseEntity cf\">\n<div class=\"content-primary\">\n<div class=\"wrap-content-primary cf\">\n<div class=\"content-main\">\n<article class=\"base-entity \">\n<div class=\"base-entity-content-container block-standard block-standard--with-tabs\">\n<div class=\"base-entity-content block-standard-content block-standard-content--alpha\">\n<div id=\"base-entity-data-tab\" class=\"tab-block entity-tab base-entity-tab base-entity-tab--data kist-Tabify-pane is-active\" role=\"tabpanel\" aria-hidden=\"false\" aria-labelledby=\"base-entity-data-tab\">\n<div class=\"wrap-base-entity-tab--data cf\">\n<div class=\"base-entity-description\">\n<div class=\"passage-standard passage-standard--alpha\">\n<div id=\"__xclaimwords_wrapper\">\n<p>\u00a0216 strani, trda vezava, \u0161\u010ditni ovitek, 32 cm, Mihela\u010d 1992, lepo ohranjeno<\/p>\n<\/div>\n<\/div>\n<\/div>\n<\/div>\n<\/div>\n<\/div>\n<\/div>\n<\/article>\n<\/div>\n<\/div>\n<\/div>\n<\/div>\n<\/div>\n","protected":false},"excerpt":{"rendered":"<p>\u00a0216 strani, trda vezava, \u0161\u010ditni ovitek, 32 cm, Mihela\u010d 1992, lepo ohranjeno<\/p>\n","protected":false},"featured_media":1091,"template":"","meta":{"_monsterinsights_skip_tracking":false,"_monsterinsights_sitenote_active":false,"_monsterinsights_sitenote_note":"","_monsterinsights_sitenote_category":0},"product_brand":[],"product_cat":[17,19,16,30,43],"product_tag":[],"class_list":{"0":"post-1244","1":"product","2":"type-product","3":"status-publish","4":"has-post-thumbnail","6":"product_cat-antikvarne-knjige","7":"product_cat-humanistika-druzboslovje","8":"product_cat-katalog-knjig","9":"product_cat-religija","10":"product_cat-zgodovina-domoznanstvo","12":"first","13":"instock","14":"taxable","15":"shipping-taxable","16":"purchasable","17":"product-type-simple"},"jetpack_sharing_enabled":true,"_links":{"self":[{"href":"https:\/\/www.antikvariat-vodnik.si\/index.php?rest_route=\/wp\/v2\/product\/1244","targetHints":{"allow":["GET"]}}],"collection":[{"href":"https:\/\/www.antikvariat-vodnik.si\/index.php?rest_route=\/wp\/v2\/product"}],"about":[{"href":"https:\/\/www.antikvariat-vodnik.si\/index.php?rest_route=\/wp\/v2\/types\/product"}],"wp:featuredmedia":[{"embeddable":true,"href":"https:\/\/www.antikvariat-vodnik.si\/index.php?rest_route=\/wp\/v2\/media\/1091"}],"wp:attachment":[{"href":"https:\/\/www.antikvariat-vodnik.si\/index.php?rest_route=%2Fwp%2Fv2%2Fmedia&parent=1244"}],"wp:term":[{"taxonomy":"product_brand","embeddable":true,"href":"https:\/\/www.antikvariat-vodnik.si\/index.php?rest_route=%2Fwp%2Fv2%2Fproduct_brand&post=1244"},{"taxonomy":"product_cat","embeddable":true,"href":"https:\/\/www.antikvariat-vodnik.si\/index.php?rest_route=%2Fwp%2Fv2%2Fproduct_cat&post=1244"},{"taxonomy":"product_tag","embeddable":true,"href":"https:\/\/www.antikvariat-vodnik.si\/index.php?rest_route=%2Fwp%2Fv2%2Fproduct_tag&post=1244"}],"curies":[{"name":"wp","href":"https:\/\/api.w.org\/{rel}","templated":true}]}}