{"id":10870,"date":"2021-04-30T17:30:33","date_gmt":"2021-04-30T15:30:33","guid":{"rendered":"https:\/\/www.antikvariat-vodnik.si\/?post_type=product&#038;p=10870"},"modified":"2025-02-25T16:55:33","modified_gmt":"2025-02-25T15:55:33","slug":"12-preprostih-skrivnosti-do-srece-glenn-van-ekeren","status":"publish","type":"product","link":"https:\/\/www.antikvariat-vodnik.si\/?product=12-preprostih-skrivnosti-do-srece-glenn-van-ekeren","title":{"rendered":"12 PREPROSTIH SKRIVNOSTI DO SRE\u010cE, Glenn van Ekeren"},"content":{"rendered":"<p>Poi\u0161\u010dite veselje v vsakdanjih razmerjih<\/p>\n<p>240 strani, trda vezava, 21 cm, izdal: Tuma, Ljubljana 2002, knjiga je kot nova<\/p>\n","protected":false},"excerpt":{"rendered":"<p>Poi\u0161\u010dite veselje v vsakdanjih razmerjih 240 strani, trda vezava, 21 cm, izdal: Tuma, Ljubljana 2002, knjiga je kot nova<\/p>\n","protected":false},"featured_media":10862,"template":"","meta":{"_monsterinsights_skip_tracking":false,"_monsterinsights_sitenote_active":false,"_monsterinsights_sitenote_note":"","_monsterinsights_sitenote_category":0},"product_brand":[],"product_cat":[17,16,103,89,26],"product_tag":[],"class_list":{"0":"post-10870","1":"product","2":"type-product","3":"status-publish","4":"has-post-thumbnail","6":"product_cat-antikvarne-knjige","7":"product_cat-katalog-knjig","8":"product_cat-ljubezen-erotika-odnosi","9":"product_cat-osebna-rast","10":"product_cat-prirocniki-uporabne-vede-duhovnost","12":"first","13":"instock","14":"taxable","15":"shipping-taxable","16":"purchasable","17":"product-type-simple"},"jetpack_sharing_enabled":true,"_links":{"self":[{"href":"https:\/\/www.antikvariat-vodnik.si\/index.php?rest_route=\/wp\/v2\/product\/10870","targetHints":{"allow":["GET"]}}],"collection":[{"href":"https:\/\/www.antikvariat-vodnik.si\/index.php?rest_route=\/wp\/v2\/product"}],"about":[{"href":"https:\/\/www.antikvariat-vodnik.si\/index.php?rest_route=\/wp\/v2\/types\/product"}],"wp:featuredmedia":[{"embeddable":true,"href":"https:\/\/www.antikvariat-vodnik.si\/index.php?rest_route=\/wp\/v2\/media\/10862"}],"wp:attachment":[{"href":"https:\/\/www.antikvariat-vodnik.si\/index.php?rest_route=%2Fwp%2Fv2%2Fmedia&parent=10870"}],"wp:term":[{"taxonomy":"product_brand","embeddable":true,"href":"https:\/\/www.antikvariat-vodnik.si\/index.php?rest_route=%2Fwp%2Fv2%2Fproduct_brand&post=10870"},{"taxonomy":"product_cat","embeddable":true,"href":"https:\/\/www.antikvariat-vodnik.si\/index.php?rest_route=%2Fwp%2Fv2%2Fproduct_cat&post=10870"},{"taxonomy":"product_tag","embeddable":true,"href":"https:\/\/www.antikvariat-vodnik.si\/index.php?rest_route=%2Fwp%2Fv2%2Fproduct_tag&post=10870"}],"curies":[{"name":"wp","href":"https:\/\/api.w.org\/{rel}","templated":true}]}}