{"id":10804,"date":"2021-04-27T14:56:00","date_gmt":"2021-04-27T12:56:00","guid":{"rendered":"https:\/\/www.antikvariat-vodnik.si\/?post_type=product&#038;p=10804"},"modified":"2025-09-26T13:21:57","modified_gmt":"2025-09-26T11:21:57","slug":"z-zahodnimi-ocmi-joseph-conrad","status":"publish","type":"product","link":"https:\/\/www.antikvariat-vodnik.si\/?product=z-zahodnimi-ocmi-joseph-conrad","title":{"rendered":"Z ZAHODNIMI O\u010cMI, Joseph Conrad"},"content":{"rendered":"<p>360 strani, trda vezava + \u0161\u010ditni ovitek, 12 x 20 cm, CZ 94, izd. XX. stoletje, lepo ohranjeno.<\/p>\n","protected":false},"excerpt":{"rendered":"<p>360 strani, trda vezava + \u0161\u010ditni ovitek, 12 x 20 cm, CZ 94, izd. XX. stoletje, lepo ohranjeno.<\/p>\n","protected":false},"featured_media":10742,"template":"","meta":{"_monsterinsights_skip_tracking":false,"_monsterinsights_sitenote_active":false,"_monsterinsights_sitenote_note":"","_monsterinsights_sitenote_category":0},"product_brand":[],"product_cat":[17,16,27,65],"product_tag":[],"class_list":{"0":"post-10804","1":"product","2":"type-product","3":"status-publish","4":"has-post-thumbnail","6":"product_cat-antikvarne-knjige","7":"product_cat-katalog-knjig","8":"product_cat-leposlovje","9":"product_cat-proza-tuji-avtorji","11":"first","12":"instock","13":"taxable","14":"shipping-taxable","15":"purchasable","16":"product-type-simple"},"jetpack_sharing_enabled":true,"_links":{"self":[{"href":"https:\/\/www.antikvariat-vodnik.si\/index.php?rest_route=\/wp\/v2\/product\/10804","targetHints":{"allow":["GET"]}}],"collection":[{"href":"https:\/\/www.antikvariat-vodnik.si\/index.php?rest_route=\/wp\/v2\/product"}],"about":[{"href":"https:\/\/www.antikvariat-vodnik.si\/index.php?rest_route=\/wp\/v2\/types\/product"}],"wp:featuredmedia":[{"embeddable":true,"href":"https:\/\/www.antikvariat-vodnik.si\/index.php?rest_route=\/wp\/v2\/media\/10742"}],"wp:attachment":[{"href":"https:\/\/www.antikvariat-vodnik.si\/index.php?rest_route=%2Fwp%2Fv2%2Fmedia&parent=10804"}],"wp:term":[{"taxonomy":"product_brand","embeddable":true,"href":"https:\/\/www.antikvariat-vodnik.si\/index.php?rest_route=%2Fwp%2Fv2%2Fproduct_brand&post=10804"},{"taxonomy":"product_cat","embeddable":true,"href":"https:\/\/www.antikvariat-vodnik.si\/index.php?rest_route=%2Fwp%2Fv2%2Fproduct_cat&post=10804"},{"taxonomy":"product_tag","embeddable":true,"href":"https:\/\/www.antikvariat-vodnik.si\/index.php?rest_route=%2Fwp%2Fv2%2Fproduct_tag&post=10804"}],"curies":[{"name":"wp","href":"https:\/\/api.w.org\/{rel}","templated":true}]}}