{"id":10492,"date":"2021-04-23T17:11:25","date_gmt":"2021-04-23T15:11:25","guid":{"rendered":"https:\/\/www.antikvariat-vodnik.si\/?post_type=product&#038;p=10492"},"modified":"2026-04-29T18:18:41","modified_gmt":"2026-04-29T16:18:41","slug":"filozofski-slovar-ales-usenicnik","status":"publish","type":"product","link":"https:\/\/www.antikvariat-vodnik.si\/?product=filozofski-slovar-ales-usenicnik","title":{"rendered":"FILOZOFSKI SLOVAR, Ale\u0161 U\u0161eni\u010dnik"},"content":{"rendered":"<p>104 strani, trda vezava, 21 cm, izdal: Ljudska knjigarna, Ljubljana 1941, ohranjena letom primerno<\/p>\n","protected":false},"excerpt":{"rendered":"<p>104 strani, trda vezava, 21 cm, izdal: Ljudska knjigarna, Ljubljana 1941, ohranjena letom primerno<\/p>\n","protected":false},"featured_media":10451,"template":"","meta":{"_monsterinsights_skip_tracking":false,"_monsterinsights_sitenote_active":false,"_monsterinsights_sitenote_note":"","_monsterinsights_sitenote_category":0},"product_brand":[],"product_cat":[17,22,88,19,16,47],"product_tag":[],"class_list":{"0":"post-10492","1":"product","2":"type-product","3":"status-publish","4":"has-post-thumbnail","6":"product_cat-antikvarne-knjige","7":"product_cat-bibliofilske-knjige","8":"product_cat-filozofija-psihologija-sociologija","9":"product_cat-humanistika-druzboslovje","10":"product_cat-katalog-knjig","11":"product_cat-slovarji-slovnice-jezikoslovje","13":"first","14":"instock","15":"taxable","16":"shipping-taxable","17":"purchasable","18":"product-type-simple"},"jetpack_sharing_enabled":true,"_links":{"self":[{"href":"https:\/\/www.antikvariat-vodnik.si\/index.php?rest_route=\/wp\/v2\/product\/10492","targetHints":{"allow":["GET"]}}],"collection":[{"href":"https:\/\/www.antikvariat-vodnik.si\/index.php?rest_route=\/wp\/v2\/product"}],"about":[{"href":"https:\/\/www.antikvariat-vodnik.si\/index.php?rest_route=\/wp\/v2\/types\/product"}],"wp:featuredmedia":[{"embeddable":true,"href":"https:\/\/www.antikvariat-vodnik.si\/index.php?rest_route=\/wp\/v2\/media\/10451"}],"wp:attachment":[{"href":"https:\/\/www.antikvariat-vodnik.si\/index.php?rest_route=%2Fwp%2Fv2%2Fmedia&parent=10492"}],"wp:term":[{"taxonomy":"product_brand","embeddable":true,"href":"https:\/\/www.antikvariat-vodnik.si\/index.php?rest_route=%2Fwp%2Fv2%2Fproduct_brand&post=10492"},{"taxonomy":"product_cat","embeddable":true,"href":"https:\/\/www.antikvariat-vodnik.si\/index.php?rest_route=%2Fwp%2Fv2%2Fproduct_cat&post=10492"},{"taxonomy":"product_tag","embeddable":true,"href":"https:\/\/www.antikvariat-vodnik.si\/index.php?rest_route=%2Fwp%2Fv2%2Fproduct_tag&post=10492"}],"curies":[{"name":"wp","href":"https:\/\/api.w.org\/{rel}","templated":true}]}}