{"id":10163,"date":"2021-04-17T17:26:58","date_gmt":"2021-04-17T15:26:58","guid":{"rendered":"https:\/\/www.antikvariat-vodnik.si\/?post_type=product&#038;p=10163"},"modified":"2021-04-17T17:27:28","modified_gmt":"2021-04-17T15:27:28","slug":"snow-white-sneguljcica-j-in-w-grimm","status":"publish","type":"product","link":"https:\/\/www.antikvariat-vodnik.si\/?product=snow-white-sneguljcica-j-in-w-grimm","title":{"rendered":"SNOW WHITE, SNEGULJ\u010cICA, J. in W Grimm"},"content":{"rendered":"<p>pravljica v slovenskem jeziku z angle\u0161kim prevodom, v angl. delu z navadnim svin\u010dnikom ponekod napisan prevod, 24 strani, mehka vezava, 32 cm, izdala Cankarjeva zalo\u017eba<\/p>\n","protected":false},"excerpt":{"rendered":"<p>pravljica v slovenskem jeziku z angle\u0161kim prevodom, v angl. delu z navadnim svin\u010dnikom ponekod napisan prevod, 24 strani, mehka vezava, 32 cm, izdala Cankarjeva zalo\u017eba<\/p>\n","protected":false},"featured_media":9992,"template":"","meta":{"_monsterinsights_skip_tracking":false,"_monsterinsights_sitenote_active":false,"_monsterinsights_sitenote_note":"","_monsterinsights_sitenote_category":0},"product_brand":[],"product_cat":[17,16,29,79],"product_tag":[],"class_list":{"0":"post-10163","1":"product","2":"type-product","3":"status-publish","4":"has-post-thumbnail","6":"product_cat-antikvarne-knjige","7":"product_cat-katalog-knjig","8":"product_cat-knjige-za-otroke-in-mladino","9":"product_cat-knjige-za-otroke-v-tujih-jezikih","11":"first","12":"instock","13":"taxable","14":"shipping-taxable","15":"purchasable","16":"product-type-simple"},"jetpack_sharing_enabled":true,"_links":{"self":[{"href":"https:\/\/www.antikvariat-vodnik.si\/index.php?rest_route=\/wp\/v2\/product\/10163","targetHints":{"allow":["GET"]}}],"collection":[{"href":"https:\/\/www.antikvariat-vodnik.si\/index.php?rest_route=\/wp\/v2\/product"}],"about":[{"href":"https:\/\/www.antikvariat-vodnik.si\/index.php?rest_route=\/wp\/v2\/types\/product"}],"wp:featuredmedia":[{"embeddable":true,"href":"https:\/\/www.antikvariat-vodnik.si\/index.php?rest_route=\/wp\/v2\/media\/9992"}],"wp:attachment":[{"href":"https:\/\/www.antikvariat-vodnik.si\/index.php?rest_route=%2Fwp%2Fv2%2Fmedia&parent=10163"}],"wp:term":[{"taxonomy":"product_brand","embeddable":true,"href":"https:\/\/www.antikvariat-vodnik.si\/index.php?rest_route=%2Fwp%2Fv2%2Fproduct_brand&post=10163"},{"taxonomy":"product_cat","embeddable":true,"href":"https:\/\/www.antikvariat-vodnik.si\/index.php?rest_route=%2Fwp%2Fv2%2Fproduct_cat&post=10163"},{"taxonomy":"product_tag","embeddable":true,"href":"https:\/\/www.antikvariat-vodnik.si\/index.php?rest_route=%2Fwp%2Fv2%2Fproduct_tag&post=10163"}],"curies":[{"name":"wp","href":"https:\/\/api.w.org\/{rel}","templated":true}]}}