{"id":997,"date":"2020-11-22T19:39:14","date_gmt":"2020-11-22T18:39:14","guid":{"rendered":"https:\/\/www.antikvariat-vodnik.si\/?page_id=997"},"modified":"2023-12-21T10:00:37","modified_gmt":"2023-12-21T09:00:37","slug":"pravilnik-o-zasebnosti","status":"publish","type":"page","link":"https:\/\/www.antikvariat-vodnik.si\/?page_id=997","title":{"rendered":"Pravilnik o zasebnosti"},"content":{"rendered":"\t\t<div data-elementor-type=\"wp-page\" data-elementor-id=\"997\" class=\"elementor elementor-997\" data-elementor-post-type=\"page\">\n\t\t\t\t<div class=\"elementor-element elementor-element-6af33ae e-flex e-con-boxed e-con e-parent\" data-id=\"6af33ae\" data-element_type=\"container\" data-e-type=\"container\">\n\t\t\t\t\t<div class=\"e-con-inner\">\n\t\t\t\t<div class=\"elementor-element elementor-element-dadedf8 elementor-widget elementor-widget-text-editor\" data-id=\"dadedf8\" data-element_type=\"widget\" data-e-type=\"widget\" data-widget_type=\"text-editor.default\">\n\t\t\t\t<div class=\"elementor-widget-container\">\n\t\t\t\t\t\t\t\t\tZahvaljujemo se vam za obisk spletne strani antikvariat-vodnik.si. Ta pravilnik o zasebnosti se nana\u0161a na osebne podatke in splo\u0161ne podatke, ki jih zbiramo o vas, ko uporabljate na\u0161e storitve. Spo\u0161tujemo va\u0161o pravico do zasebnosti in obdelujemo samo osebne podatke v skladu z veljavno zakonodajo o varstvu osebnih podatkov in to politiko varovanja osebnih podatkov.\n\t\t\t\t\t\t\t\t<\/div>\n\t\t\t\t<\/div>\n\t\t\t\t<div class=\"elementor-element elementor-element-462e15a elementor-widget elementor-widget-heading\" data-id=\"462e15a\" data-element_type=\"widget\" data-e-type=\"widget\" data-widget_type=\"heading.default\">\n\t\t\t\t<div class=\"elementor-widget-container\">\n\t\t\t\t\t<h2 class=\"elementor-heading-title elementor-size-default\">Kategorije zbranih osebnih in splo\u0161nih podatkov<\/h2>\t\t\t\t<\/div>\n\t\t\t\t<\/div>\n\t\t\t\t<div class=\"elementor-element elementor-element-ac36c44 elementor-widget elementor-widget-text-editor\" data-id=\"ac36c44\" data-element_type=\"widget\" data-e-type=\"widget\" data-widget_type=\"text-editor.default\">\n\t\t\t\t<div class=\"elementor-widget-container\">\n\t\t\t\t\t\t\t\t\t\nMed uporabo na\u0161e spletne strani, ko izpolnjujete obrazec za naro\u010dilo ali e-novice, o vas zbiramo osebne podatke, ki jih prostovoljno delite z nami, kot so:\n<ul>\n<li>e-po\u0161tni naslov;<\/li>\n<li>ime in priimek ter naziv;<\/li>\n<li>fizi\u010dni naslov;<\/li>\n<li>telefon\/GSM;<\/li>\n<li>dodatne informacije, ki jih uporabnik ozna\u010di ali doda v opombah;<\/li>\n<li>katera e-obvestila je uporabnik odprl in katere povezave je v e-obvestilih kliknil;<\/li>\n<li>pretekla povpra\u0161evanja, nakupi, ra\u010duni, podporni zahtevki.<\/li>\n<\/ul>\n\nZa to\u010dnost podatkov, ki jih vnese uporabnik, ne odgovarjamo. \n<br>\n<br>\nZgoraj navedene osebne podatke zbiramo na podlagi:\n<ul>\n<li>oddanih naro\u010dil v spletni trgovini;<\/li>\n<li>prijavnih obrazcev na spletni strani;<\/li>\n<li>dru\u017eabnih omre\u017ejih: Facebook, Instagram;<\/li>\n<li>prejemanja kontaktov v okviru opravljanje dejavnosti.<\/li>\n<\/ul>\nZ va\u0161im dovoljenjem vam lahko po\u0161ljemo tudi e-novice o novih izdelkih, akcijah in drugih informacijah.\n\t\t\t\t\t\t\t\t<\/div>\n\t\t\t\t<\/div>\n\t\t\t\t<div class=\"elementor-element elementor-element-a57f294 elementor-widget elementor-widget-heading\" data-id=\"a57f294\" data-element_type=\"widget\" data-e-type=\"widget\" data-widget_type=\"heading.default\">\n\t\t\t\t<div class=\"elementor-widget-container\">\n\t\t\t\t\t<h2 class=\"elementor-heading-title elementor-size-default\">Nameni obdelave osebnih podatkov<\/h2>\t\t\t\t<\/div>\n\t\t\t\t<\/div>\n\t\t\t\t<div class=\"elementor-element elementor-element-01a4891 elementor-widget elementor-widget-text-editor\" data-id=\"01a4891\" data-element_type=\"widget\" data-e-type=\"widget\" data-widget_type=\"text-editor.default\">\n\t\t\t\t<div class=\"elementor-widget-container\">\n\t\t\t\t\t\t\t\t\t\nAntikvariat in knjigarna Vodnik podatke, ki jih pridobi od uporabnikov, uporablja za naslednje namene:\n<ul>\n<li>za izpolnitev naro\u010dil, komuniciranje o statusu naro\u010dila, komuniciranje v zvezi s povpra\u0161evanji in po\u0161iljanju naro\u010dil;<\/li>\n<li>za izvedbo promocij, obvestil o aktivnostih povezanih z dejavnostjo;<\/li>\n<li>sledenje klikom in odpiranjem e-obvestil;<\/li>\n<li>obve\u0161\u010danje in po\u0161iljanje e-novic v obliki aktualnih izdelkov, akcij in podobnih informacij, ki so povezane z dejavnostjo podjetja;<\/li>\n<li>neposredno tr\u017eenje in po\u0161iljanje ponudb po e-po\u0161ti, klasi\u010dni po\u0161ti, na spletni strani ter opravljanje telefonskih klicev;<\/li>\n<li>za dav\u010dne, pravne in ra\u010dunovodske potrebe,\n<il>za namene tr\u017eenja in objav na dru\u017ebenih omre\u017ejih.<\/li>\n<\/ul>\nOb poslanih elektronskih sporo\u010dilih se zabele\u017ei odpiranje prejetih sporo\u010dil posameznikov in klike na povezave v prejetih sporo\u010dilih. Prav tako se bele\u017eijo ogledi in akcije na spletni strani. Za bolj\u0161e in bolj usmerjeno posredovanje ponudb  ter prilagajanje sporo\u010dil oz. komunikacije zabele\u017eene podatke lahko avtomatsko obdelujemo, analiziramo, profiliramo ter ocenjujemo aktivnost in merjenje zanimanja uporabnikov.\n\t\t\t\t\t\t\t\t<\/div>\n\t\t\t\t<\/div>\n\t\t\t\t<div class=\"elementor-element elementor-element-4f4be4d elementor-widget elementor-widget-heading\" data-id=\"4f4be4d\" data-element_type=\"widget\" data-e-type=\"widget\" data-widget_type=\"heading.default\">\n\t\t\t\t<div class=\"elementor-widget-container\">\n\t\t\t\t\t<h2 class=\"elementor-heading-title elementor-size-default\">\u010cas hrambe<\/h2>\t\t\t\t<\/div>\n\t\t\t\t<\/div>\n\t\t\t\t<div class=\"elementor-element elementor-element-86b2816 elementor-widget elementor-widget-text-editor\" data-id=\"86b2816\" data-element_type=\"widget\" data-e-type=\"widget\" data-widget_type=\"text-editor.default\">\n\t\t\t\t<div class=\"elementor-widget-container\">\n\t\t\t\t\t\t\t\t\tOsebne podatke posameznika hranimo \u010dasovno neomejeno oz. do preklica privolitve za hranjenje in obdelavo podatkov posameznika. Po preklicu soglasja posameznika njegove osebne podatke nemudoma u\u010dinkovito in trajno izbri\u0161emo.\n\u010ce bi v na\u0161em podjetju prenehali zgoraj opisani nameni, zaradi katerih hranimo in obdelujemo osebne podatke, bomo zbirke podatkov, katerih namen je prenehal, nemudoma u\u010dinkovito in trajno izbrisali.\n\t\t\t\t\t\t\t\t<\/div>\n\t\t\t\t<\/div>\n\t\t\t\t<div class=\"elementor-element elementor-element-7d0049c elementor-widget elementor-widget-heading\" data-id=\"7d0049c\" data-element_type=\"widget\" data-e-type=\"widget\" data-widget_type=\"heading.default\">\n\t\t\t\t<div class=\"elementor-widget-container\">\n\t\t\t\t\t<h2 class=\"elementor-heading-title elementor-size-default\">Uporaba pi\u0161kotkov<\/h2>\t\t\t\t<\/div>\n\t\t\t\t<\/div>\n\t\t\t\t<div class=\"elementor-element elementor-element-5aee9c7 elementor-widget elementor-widget-text-editor\" data-id=\"5aee9c7\" data-element_type=\"widget\" data-e-type=\"widget\" data-widget_type=\"text-editor.default\">\n\t\t\t\t<div class=\"elementor-widget-container\">\n\t\t\t\t\t\t\t\t\t\nSpletna stran uporablja zgolj funkcionalne pi\u0161kotke, ki so nujni za normalno delovanje spletne strani. Teh se ne da izklopiti. Marketin\u0161ke, analiti\u010dne ali katere koli druge pi\u0161kotke ne uporabljamo.\n\t\t\t\t\t\t\t\t<\/div>\n\t\t\t\t<\/div>\n\t\t\t\t<div class=\"elementor-element elementor-element-4248646 elementor-widget elementor-widget-heading\" data-id=\"4248646\" data-element_type=\"widget\" data-e-type=\"widget\" data-widget_type=\"heading.default\">\n\t\t\t\t<div class=\"elementor-widget-container\">\n\t\t\t\t\t<h2 class=\"elementor-heading-title elementor-size-default\">Pravice uporabnikov<\/h2>\t\t\t\t<\/div>\n\t\t\t\t<\/div>\n\t\t\t\t<div class=\"elementor-element elementor-element-0ac174b elementor-widget elementor-widget-text-editor\" data-id=\"0ac174b\" data-element_type=\"widget\" data-e-type=\"widget\" data-widget_type=\"text-editor.default\">\n\t\t\t\t<div class=\"elementor-widget-container\">\n\t\t\t\t\t\t\t\t\tV skladu z dolo\u010dili Splo\u0161ne uredbe EU o varstvu osebnih podatkov (GDPR) vam na va\u0161o zahtevo:\n<ul>\n<li>omogo\u010dimo vpogled v osebne podatke, ki se nana\u0161ajo na vas;<\/li>\n<li>damo mo\u017enost, da popravite ali dopolnite svoje osebne podatke;<\/li>\n<li>damo mo\u017enost delnega ali celotnega izbrisa osebnih podatkov;<\/li>\n<li>damo mo\u017enost delnega ali celotnega umika privolitve za obdelavo osebnih podatkov.<\/li>\n<\/ul>\nVsak uporabnik ima mo\u017enost, da se enostavno z enim klikom v nogi prejetega e-obvestila odjavi od prejemanja na\u0161ih e-novic ali pa po\u0161lje e-mail z odjavo na <a href=mailto:knjigarna.vodnik@gmail.com>knjigarna.vodnik@gmail.com<\/a> ali z odgovorom na konkretno prejeto e-mail sporo\u010dilo.\n\t\t\t\t\t\t\t\t<\/div>\n\t\t\t\t<\/div>\n\t\t\t\t<div class=\"elementor-element elementor-element-7758ce5 elementor-widget elementor-widget-heading\" data-id=\"7758ce5\" data-element_type=\"widget\" data-e-type=\"widget\" data-widget_type=\"heading.default\">\n\t\t\t\t<div class=\"elementor-widget-container\">\n\t\t\t\t\t<h2 class=\"elementor-heading-title elementor-size-default\">Pogodbeni obdelovalci in obmo\u010dje hrambe<\/h2>\t\t\t\t<\/div>\n\t\t\t\t<\/div>\n\t\t\t\t<div class=\"elementor-element elementor-element-a64106b elementor-widget elementor-widget-text-editor\" data-id=\"a64106b\" data-element_type=\"widget\" data-e-type=\"widget\" data-widget_type=\"text-editor.default\">\n\t\t\t\t<div class=\"elementor-widget-container\">\n\t\t\t\t\t\t\t\t\tZbrane podatke lahko posredujemo tudi svojim pogodbenim obdelovalcem, ki lahko podatke obdelujejo izklju\u010dno v okviru na\u0161ih navodil in pooblastil in ki so s pisno pogodbo zavezani k zagotavljanju ustrezne ravni varstva osebnih podatkov, in sicer: za spletna mesta in informacijske storitve, tiskarne, e-mail marketing sistem in sistem za marketin\u0161ko avtomatizacijo. Zbirke osebnih podatkov hranimo na obmo\u010dju EU ter jih ne izna\u0161amo v tretje dr\u017eave.\n\t\t\t\t\t\t\t\t<\/div>\n\t\t\t\t<\/div>\n\t\t\t\t<div class=\"elementor-element elementor-element-25e2d34 elementor-widget elementor-widget-heading\" data-id=\"25e2d34\" data-element_type=\"widget\" data-e-type=\"widget\" data-widget_type=\"heading.default\">\n\t\t\t\t<div class=\"elementor-widget-container\">\n\t\t\t\t\t<h2 class=\"elementor-heading-title elementor-size-default\">Pravno obvestilo<\/h2>\t\t\t\t<\/div>\n\t\t\t\t<\/div>\n\t\t\t\t<div class=\"elementor-element elementor-element-c6bec70 elementor-widget elementor-widget-text-editor\" data-id=\"c6bec70\" data-element_type=\"widget\" data-e-type=\"widget\" data-widget_type=\"text-editor.default\">\n\t\t\t\t<div class=\"elementor-widget-container\">\n\t\t\t\t\t\t\t\t\tVse vsebine, objavljene na antikvariat-vodnik.si, so last dru\u017ebe Antikvariat in knjigarna Vodnik. Brez dovoljenja podjetja se jih ne sme kopirati, razmno\u017eevati ali distribuirati na kakr\u0161en koli drug na\u010din. Antikvariat in knjigarna Vodnik ni odgovoren za morebitne te\u017eave pri delovanju spletne strani. \n<br>\n<br>\nAntikvariat in knjigarna Vodnik si pridr\u017euje pravico do morebitnih napak in sprememb vsebin, objavljenih na Antikvariat in knjigarna Vodnik in pripadajo\u010dih kanalih: Facebook, Instagram in e-mail. \nPridru\u017eujemo si pravico, da kadarkoli brez predhodne najave spremenimo te pogoje, \u010de menimo da je to potrebno. \n<br>\n<br>\nTi pogoji uporabe so objavljeni in se nahajajo na vstopni strani Antikvariat in knjigarna Vodnik. Uporaba storitve dokazuje, da je uporabnik seznanjen s temi pogoji uporabe, se z njimi strinja in jih v celoti sprejema.\n\n<br>\n<br>\n<br>\nAntikvariat in knjigarna Vodnik\n\n\n\n\t\t\t\t\t\t\t\t<\/div>\n\t\t\t\t<\/div>\n\t\t\t\t\t<\/div>\n\t\t\t\t<\/div>\n\t\t\t\t<\/div>\n\t\t","protected":false},"excerpt":{"rendered":"<p>Zahvaljujemo se vam za obisk spletne strani antikvariat-vodnik.si. Ta pravilnik o zasebnosti se nana\u0161a na osebne podatke in splo\u0161ne podatke, ki jih zbiramo o vas, ko uporabljate na\u0161e storitve. Spo\u0161tujemo va\u0161o pravico do zasebnosti in obdelujemo samo osebne podatke v skladu z veljavno zakonodajo o varstvu osebnih podatkov in to politiko varovanja osebnih podatkov. Kategorije [&hellip;]<\/p>\n","protected":false},"author":1,"featured_media":0,"parent":0,"menu_order":0,"comment_status":"closed","ping_status":"closed","template":"","meta":{"_monsterinsights_skip_tracking":false,"_monsterinsights_sitenote_active":false,"_monsterinsights_sitenote_note":"","_monsterinsights_sitenote_category":0,"footnotes":""},"class_list":["post-997","page","type-page","status-publish","hentry"],"jetpack_sharing_enabled":true,"_links":{"self":[{"href":"https:\/\/www.antikvariat-vodnik.si\/index.php?rest_route=\/wp\/v2\/pages\/997","targetHints":{"allow":["GET"]}}],"collection":[{"href":"https:\/\/www.antikvariat-vodnik.si\/index.php?rest_route=\/wp\/v2\/pages"}],"about":[{"href":"https:\/\/www.antikvariat-vodnik.si\/index.php?rest_route=\/wp\/v2\/types\/page"}],"author":[{"embeddable":true,"href":"https:\/\/www.antikvariat-vodnik.si\/index.php?rest_route=\/wp\/v2\/users\/1"}],"replies":[{"embeddable":true,"href":"https:\/\/www.antikvariat-vodnik.si\/index.php?rest_route=%2Fwp%2Fv2%2Fcomments&post=997"}],"version-history":[{"count":2,"href":"https:\/\/www.antikvariat-vodnik.si\/index.php?rest_route=\/wp\/v2\/pages\/997\/revisions"}],"predecessor-version":[{"id":49054,"href":"https:\/\/www.antikvariat-vodnik.si\/index.php?rest_route=\/wp\/v2\/pages\/997\/revisions\/49054"}],"wp:attachment":[{"href":"https:\/\/www.antikvariat-vodnik.si\/index.php?rest_route=%2Fwp%2Fv2%2Fmedia&parent=997"}],"curies":[{"name":"wp","href":"https:\/\/api.w.org\/{rel}","templated":true}]}}