{"id":981,"date":"2020-11-22T18:10:50","date_gmt":"2020-11-22T18:10:50","guid":{"rendered":"https:\/\/www.antikvariat-vodnik.si\/?page_id=981"},"modified":"2024-03-28T16:57:29","modified_gmt":"2024-03-28T15:57:29","slug":"kontakt","status":"publish","type":"page","link":"https:\/\/www.antikvariat-vodnik.si\/?page_id=981","title":{"rendered":"Kontakt"},"content":{"rendered":"\t\t<div data-elementor-type=\"wp-page\" data-elementor-id=\"981\" class=\"elementor elementor-981\" data-elementor-post-type=\"page\">\n\t\t\t\t<div class=\"elementor-element elementor-element-053713d e-flex e-con-boxed e-con e-parent\" data-id=\"053713d\" data-element_type=\"container\" data-e-type=\"container\">\n\t\t\t\t\t<div class=\"e-con-inner\">\n\t\t<div class=\"elementor-element elementor-element-ae9b0d8 e-con-full e-flex e-con e-child\" data-id=\"ae9b0d8\" data-element_type=\"container\" data-e-type=\"container\">\n\t\t\t\t<div class=\"elementor-element elementor-element-86955a1 elementor-widget elementor-widget-text-editor\" data-id=\"86955a1\" data-element_type=\"widget\" data-e-type=\"widget\" data-widget_type=\"text-editor.default\">\n\t\t\t\t<div class=\"elementor-widget-container\">\n\t\t\t\t\t\t\t\t\t<p><\/p>\n<h4 class=\"wp-block-heading\">KNJIGARNA IN ANTIKVARIAT VODNIK D.O.O.<\/h4>\n<p>Naslov poslovalnice: Ciril-Metodov trg 15, 1000 Ljubljana<br>Sede\u017e podjetja:  Loka 33, 1370 Logatec<br>ID za DDV: SI11241985<br>MAT. \u0160T. 9331751000<br>TRR: SI56 2900 0005 3679 560 (Unicredit Banka d.d.)<\/p>\n<p><\/p>\n<p><\/p>\n<h4 class=\"wp-block-heading\">Delovni \u010das:<\/h4>\n<p><\/p>\n<p><\/p>\n<p>Od ponedeljka do sobote: 10.00 do 19.00<\/p><p>Nedelja: 10.00 do 18.00<br>\n<br>Zaprto le za Dan mrtvih 1. november.<\/p>\n<p><\/p>\n<p><\/p>\n<p><\/p>\n<p><\/p>\n<p><\/p>\n<p><\/p>\n<h4 class=\"wp-block-heading\">Kontakt:<\/h4>\n<p><\/p>\n<p><\/p>\n<p><strong>Telefon: 041 400 406<br>Email: <a href=\"mailto:knjigarna.vodnik@gmail.com\"> knjigarna.vodnik@gmail.com<\/a><\/strong><\/p>\t\t\t\t\t\t\t\t<\/div>\n\t\t\t\t<\/div>\n\t\t\t\t<\/div>\n\t\t<div class=\"elementor-element elementor-element-2552531 e-con-full e-flex e-con e-child\" data-id=\"2552531\" data-element_type=\"container\" data-e-type=\"container\">\n\t\t\t\t<div class=\"elementor-element elementor-element-f96ca35 elementor-widget elementor-widget-text-editor\" data-id=\"f96ca35\" data-element_type=\"widget\" data-e-type=\"widget\" data-widget_type=\"text-editor.default\">\n\t\t\t\t<div class=\"elementor-widget-container\">\n\t\t\t\t\t\t\t\t\t\n<figure class=\"wp-block-image size-large\"><img fetchpriority=\"high\" decoding=\"async\" width=\"1024\" height=\"768\" src=\"https:\/\/www.antikvariat-vodnik.si\/wp-content\/uploads\/2020\/11\/trgovina-1024x768.jpg\" alt=\"\" class=\"wp-image-989\" srcset=\"https:\/\/www.antikvariat-vodnik.si\/wp-content\/uploads\/2020\/11\/trgovina-1024x768.jpg 1024w, https:\/\/www.antikvariat-vodnik.si\/wp-content\/uploads\/2020\/11\/trgovina-324x243.jpg 324w, https:\/\/www.antikvariat-vodnik.si\/wp-content\/uploads\/2020\/11\/trgovina-416x312.jpg 416w, https:\/\/www.antikvariat-vodnik.si\/wp-content\/uploads\/2020\/11\/trgovina-300x225.jpg 300w, https:\/\/www.antikvariat-vodnik.si\/wp-content\/uploads\/2020\/11\/trgovina-768x576.jpg 768w, https:\/\/www.antikvariat-vodnik.si\/wp-content\/uploads\/2020\/11\/trgovina-1536x1152.jpg 1536w, https:\/\/www.antikvariat-vodnik.si\/wp-content\/uploads\/2020\/11\/trgovina-2048x1536.jpg 2048w\" sizes=\"(max-width: 1024px) 100vw, 1024px\" \/><\/figure>\n\n\n\n<p><\/p>\n\t\t\t\t\t\t\t\t<\/div>\n\t\t\t\t<\/div>\n\t\t\t\t<\/div>\n\t\t\t\t\t<\/div>\n\t\t\t\t<\/div>\n\t\t<div class=\"elementor-element elementor-element-a4e0c9b e-flex e-con-boxed e-con e-parent\" data-id=\"a4e0c9b\" data-element_type=\"container\" data-e-type=\"container\">\n\t\t\t\t\t<div class=\"e-con-inner\">\n\t\t<div class=\"elementor-element elementor-element-b2e31fc e-con-full e-flex e-con e-child\" data-id=\"b2e31fc\" data-element_type=\"container\" data-e-type=\"container\">\n\t\t\t\t<div class=\"elementor-element elementor-element-93e71fb elementor-widget elementor-widget-menu-anchor\" data-id=\"93e71fb\" data-element_type=\"widget\" data-e-type=\"widget\" data-widget_type=\"menu-anchor.default\">\n\t\t\t\t<div class=\"elementor-widget-container\">\n\t\t\t\t\t\t\t<div class=\"elementor-menu-anchor\" id=\"zemljevid\"><\/div>\n\t\t\t\t\t\t<\/div>\n\t\t\t\t<\/div>\n\t\t\t\t<div class=\"elementor-element elementor-element-e181efc elementor-widget elementor-widget-text-editor\" data-id=\"e181efc\" data-element_type=\"widget\" data-e-type=\"widget\" data-widget_type=\"text-editor.default\">\n\t\t\t\t<div class=\"elementor-widget-container\">\n\t\t\t\t\t\t\t\t\t<h3>Kje se nahajamo<\/h3>\n\t\t\t\t\t\t\t\t<\/div>\n\t\t\t\t<\/div>\n\t\t\t\t<div class=\"elementor-element elementor-element-55957c6 elementor-widget elementor-widget-text-editor\" data-id=\"55957c6\" data-element_type=\"widget\" data-e-type=\"widget\" data-widget_type=\"text-editor.default\">\n\t\t\t\t<div class=\"elementor-widget-container\">\n\t\t\t\t\t\t\t\t\tNahajamo se v samem centru stare Ljubljane, zraven &#8220;Klobasarne&#8221;, v neposredni bli\u017eini ljubljanske stolnice in tr\u017enice. \n<br>\n<br>\nNa\u0161a ulica je namenjena sprehajalcem. \u010ce se k nam odpravite z avtomobilom vam svetujemo, da parkirate v bli\u017eji gara\u017eni hi\u0161i ali na parkiri\u0161\u010du pod gradom. \t\t\t\t\t\t\t\t<\/div>\n\t\t\t\t<\/div>\n\t\t\t\t<\/div>\n\t\t<div class=\"elementor-element elementor-element-66c89ee e-con-full e-flex e-con e-child\" data-id=\"66c89ee\" data-element_type=\"container\" data-e-type=\"container\">\n\t\t\t\t<div class=\"elementor-element elementor-element-2c28ad1 elementor-widget elementor-widget-google_maps\" data-id=\"2c28ad1\" data-element_type=\"widget\" data-e-type=\"widget\" data-widget_type=\"google_maps.default\">\n\t\t\t\t<div class=\"elementor-widget-container\">\n\t\t\t\t\t\t\t<div class=\"elementor-custom-embed\">\n\t\t\t<iframe loading=\"lazy\"\n\t\t\t\t\tsrc=\"https:\/\/maps.google.com\/maps?q=Knjigarna%20in%20antikvariat%20Vodnik%2C%20Ciril-Metodov%20trg%2015%2C%20Ljubljana%2C%20Slovenija&#038;t=m&#038;z=10&#038;output=embed&#038;iwloc=near\"\n\t\t\t\t\ttitle=\"Knjigarna in antikvariat Vodnik, Ciril-Metodov trg 15, Ljubljana, Slovenija\"\n\t\t\t\t\taria-label=\"Knjigarna in antikvariat Vodnik, Ciril-Metodov trg 15, Ljubljana, Slovenija\"\n\t\t\t><\/iframe>\n\t\t<\/div>\n\t\t\t\t\t\t<\/div>\n\t\t\t\t<\/div>\n\t\t\t\t<\/div>\n\t\t\t\t\t<\/div>\n\t\t\t\t<\/div>\n\t\t\t\t<\/div>\n\t\t","protected":false},"excerpt":{"rendered":"<p>KNJIGARNA IN ANTIKVARIAT VODNIK D.O.O. Naslov poslovalnice: Ciril-Metodov trg 15, 1000 LjubljanaSede\u017e podjetja: Loka 33, 1370 LogatecID za DDV: SI11241985MAT. \u0160T. 9331751000TRR: SI56 2900 0005 3679 560 (Unicredit Banka d.d.) Delovni \u010das: Od ponedeljka do sobote: 10.00 do 19.00 Nedelja: 10.00 do 18.00 Zaprto le za Dan mrtvih 1. november. Kontakt:<\/p>\n","protected":false},"author":1,"featured_media":0,"parent":0,"menu_order":0,"comment_status":"closed","ping_status":"closed","template":"","meta":{"_monsterinsights_skip_tracking":false,"_monsterinsights_sitenote_active":false,"_monsterinsights_sitenote_note":"","_monsterinsights_sitenote_category":0,"footnotes":""},"class_list":["post-981","page","type-page","status-publish","hentry"],"jetpack_sharing_enabled":true,"_links":{"self":[{"href":"https:\/\/www.antikvariat-vodnik.si\/index.php?rest_route=\/wp\/v2\/pages\/981","targetHints":{"allow":["GET"]}}],"collection":[{"href":"https:\/\/www.antikvariat-vodnik.si\/index.php?rest_route=\/wp\/v2\/pages"}],"about":[{"href":"https:\/\/www.antikvariat-vodnik.si\/index.php?rest_route=\/wp\/v2\/types\/page"}],"author":[{"embeddable":true,"href":"https:\/\/www.antikvariat-vodnik.si\/index.php?rest_route=\/wp\/v2\/users\/1"}],"replies":[{"embeddable":true,"href":"https:\/\/www.antikvariat-vodnik.si\/index.php?rest_route=%2Fwp%2Fv2%2Fcomments&post=981"}],"version-history":[{"count":11,"href":"https:\/\/www.antikvariat-vodnik.si\/index.php?rest_route=\/wp\/v2\/pages\/981\/revisions"}],"predecessor-version":[{"id":52451,"href":"https:\/\/www.antikvariat-vodnik.si\/index.php?rest_route=\/wp\/v2\/pages\/981\/revisions\/52451"}],"wp:attachment":[{"href":"https:\/\/www.antikvariat-vodnik.si\/index.php?rest_route=%2Fwp%2Fv2%2Fmedia&parent=981"}],"curies":[{"name":"wp","href":"https:\/\/api.w.org\/{rel}","templated":true}]}}