{"id":975,"date":"2020-11-22T17:53:28","date_gmt":"2020-11-22T17:53:28","guid":{"rendered":"https:\/\/www.antikvariat-vodnik.si\/?page_id=975"},"modified":"2025-04-17T11:25:43","modified_gmt":"2025-04-17T09:25:43","slug":"pogoji-poslovanja","status":"publish","type":"page","link":"https:\/\/www.antikvariat-vodnik.si\/?page_id=975","title":{"rendered":"Pogoji poslovanja"},"content":{"rendered":"\t\t<div data-elementor-type=\"wp-page\" data-elementor-id=\"975\" class=\"elementor elementor-975\" data-elementor-post-type=\"page\">\n\t\t\t\t<div class=\"elementor-element elementor-element-0df581e e-flex e-con-boxed e-con e-parent\" data-id=\"0df581e\" data-element_type=\"container\" data-e-type=\"container\">\n\t\t\t\t\t<div class=\"e-con-inner\">\n\t\t\t\t<div class=\"elementor-element elementor-element-fae9c38 elementor-widget elementor-widget-heading\" data-id=\"fae9c38\" data-element_type=\"widget\" data-e-type=\"widget\" data-widget_type=\"heading.default\">\n\t\t\t\t<div class=\"elementor-widget-container\">\n\t\t\t\t\t<h3 class=\"elementor-heading-title elementor-size-default\">Informacije o ponudniku in kontaktni podatki<\/h3>\t\t\t\t<\/div>\n\t\t\t\t<\/div>\n\t\t\t\t<div class=\"elementor-element elementor-element-0c27e8f elementor-widget elementor-widget-text-editor\" data-id=\"0c27e8f\" data-element_type=\"widget\" data-e-type=\"widget\" data-widget_type=\"text-editor.default\">\n\t\t\t\t<div class=\"elementor-widget-container\">\n\t\t\t\t\t\t\t\t\tSpletna trgovina Knjigarna in antikvariat Vodnik je last podjetja ANTIKVARIAT VODNIK D.O.O., Loka 33, 1370 LOGATEC. ID za DDV: 11241985; Mati\u010dna \u0161tevilka: 9331751000.\nNismo \u010dlani nobene\u00a0zbornice ali podpisniki kodeksov. \n<br>\n<br>\nKontaktni podatki:\n<br>\nTelefon: 041 400 406\n<br>\nEmail: knjigarna.vodnik@gmail.com\n<br>\nSpletna stran: www.antikvariat-vodnik.si\n<br>\nNaslov prodajalne: Ciril-Metodov trg 15, Ljubljana\n<br>\nTRR: SI56 2900 0005 3679 560 (Unicredit Banka d.d.)\t\t\t\t\t\t\t\t<\/div>\n\t\t\t\t<\/div>\n\t\t\t\t<div class=\"elementor-element elementor-element-b6c2ea5 elementor-widget elementor-widget-heading\" data-id=\"b6c2ea5\" data-element_type=\"widget\" data-e-type=\"widget\" data-widget_type=\"heading.default\">\n\t\t\t\t<div class=\"elementor-widget-container\">\n\t\t\t\t\t<h3 class=\"elementor-heading-title elementor-size-default\">Predmet prodaje in cene<\/h3>\t\t\t\t<\/div>\n\t\t\t\t<\/div>\n\t\t\t\t<div class=\"elementor-element elementor-element-3c11bb5 elementor-widget elementor-widget-text-editor\" data-id=\"3c11bb5\" data-element_type=\"widget\" data-e-type=\"widget\" data-widget_type=\"text-editor.default\">\n\t\t\t\t<div class=\"elementor-widget-container\">\n\t\t\t\t\t\t\t\t\tPredmet prodaje so nove in rabljene knjige. Ponudba velja do prodaje zalog. \n<br>\n<br>Vse cene na spletni strani so navedene v evrih (EUR) in vsebujejo zni\u017eano stopnjo DDV-ja. Vse cene prikazane na spletni strani se lahko spremenijo brez predhodnega obvestila.\n<br>\n<br>\nOpis ohranjenosti knjig je subjektiven, pridru\u017eujemo si pravico do napak pri opisu ohranjenosti knjig.\t\t\t\t\t\t\t\t<\/div>\n\t\t\t\t<\/div>\n\t\t\t\t<div class=\"elementor-element elementor-element-ad51870 elementor-widget elementor-widget-menu-anchor\" data-id=\"ad51870\" data-element_type=\"widget\" data-e-type=\"widget\" data-widget_type=\"menu-anchor.default\">\n\t\t\t\t<div class=\"elementor-widget-container\">\n\t\t\t\t\t\t\t<div class=\"elementor-menu-anchor\" id=\"nacin-nakupovanja\"><\/div>\n\t\t\t\t\t\t<\/div>\n\t\t\t\t<\/div>\n\t\t\t\t<div class=\"elementor-element elementor-element-343f126 elementor-widget elementor-widget-heading\" data-id=\"343f126\" data-element_type=\"widget\" data-e-type=\"widget\" data-widget_type=\"heading.default\">\n\t\t\t\t<div class=\"elementor-widget-container\">\n\t\t\t\t\t<h3 class=\"elementor-heading-title elementor-size-default\">Na\u010din nakupovanja<\/h3>\t\t\t\t<\/div>\n\t\t\t\t<\/div>\n\t\t\t\t<div class=\"elementor-element elementor-element-236ba22 elementor-widget elementor-widget-text-editor\" data-id=\"236ba22\" data-element_type=\"widget\" data-e-type=\"widget\" data-widget_type=\"text-editor.default\">\n\t\t\t\t<div class=\"elementor-widget-container\">\n\t\t\t\t\t\t\t\t\tNaro\u010danje knjig je mogo\u010de preko spletne strani <a href=\"http:\/\/www.antikvariat-vodnik.si\">http:\/\/www.antikvariat-vodnik.si<\/a>. Naro\u010danje je mo\u017eno 24 ur vse dni v letu. \u0160teje se, da je uporabnik ob registraciji in oddaji naro\u010dila v celoti seznanjen s pogoji poslovanja spletne trgovine antikvariat-vodnik.si.\n<br> <br>Registracija uporabni\u0161kega ra\u010duna za nakup ni obvezna. Naro\u010dilo mora vsebovati to\u010den naslov in naziv prejemnika naro\u010dila. Pri nakupu mora kupec navesti osebne podatke za dostavo, lahko pa se tudi registrira tako, da si ustvari uporabni\u0161ki ra\u010dun. Prednost uporabni\u0161kega ra\u010duna je, da pri naslednjih nakupih vpisovanje podatkov za dostavo ni ve\u010d potrebno.\n<br> \n<br> \n<strong>Potek naro\u010danja<\/strong>\n<br> \n\u017deljeno knjigo kupec naro\u010di s klikom na <strong>\u201dDodaj v ko\u0161arico\u201d<\/strong> ob naslovu knjige. Izbrana knjiga se prenese v spletno ko\u0161arico. Nato lahko nadaljuje z izbiranjem dodatnih knjig ali pa se odlo\u010di za zaklju\u010dek naro\u010dila. Ko\u0161arica izbranih knjig je prikazana zgoraj desno, kjer je na voljo ikona ko\u0161arice. S klikom <strong>&#8220;Prika\u017ei ko\u0161arico&#8221;<\/strong> se prika\u017eejo knjige dodane v ko\u0161arici. \n<br> \n<br>\nKo je kupec zadovoljen z naborom knjig v ko\u0161arici, klikne gumb <strong>&#8220;Nadaljuj na blagajno&#8221;<\/strong>, kjer vpi\u0161e podatke za naro\u010dilo in dostavo. Naslov za dostavo je lahko druga\u010den kot naslov pla\u010dnika. Naro\u010dilo se odda in zaklju\u010di z gumbom <strong>&#8220;Kupite sedaj&#8221;. <\/strong>\n<br> \n<br>\nPo oddaji naro\u010dila na e-naslov kupec prejme sporo\u010dilo s potrditvijo naro\u010dilo. Mo\u017eno je, da je izbrana knjiga \u017ee prodana v na\u0161i prodajalni ali preko spleta, zato po\u010dakajte na dodatno sporo\u010dilo s strani prodajalca, ki bo potrdil va\u0161e naro\u010dilo oz. vas obvestimo o trenutni nedobavljivosti.\n<br>\n<br>\nZa oddajo naro\u010dila se ni potrebno prijavljati oz. registrirati. \u010ce \u017eelite opraviti nakup, morate ob oddaji naro\u010dila samo izpolniti to\u010dne podatke.\n<br>\n<br>\nSprejeta naro\u010dila se obravnavajo kot nepreklicna.\nPonudnik lahko naro\u010dilo tudi zavrne, \u010de ugotovi, da ga pod danimi pogoji ne more izvesti. Predhodno kupca o tem obvesti in navede razloge za zavrnitev naro\u010dila, \u010de je to mo\u017eno.\n<br>\n<br>\n<strong>Preklic naro\u010dila<\/strong>\n<br>\nOddano naro\u010dilo preko spletne trgovine lahko kupec brez dodatnih stro\u0161kov prekli\u010de do odpreme naro\u010dila.\n\nObvestilo o preklicu naro\u010dila je mo\u017eno izklju\u010dno preko elektronske po\u0161te na knjigarna.vodnik@gmail.com. V elektronskem sporo\u010dilu je obvezno potrebno navesti podatke o va\u0161i \u0161tevilki naro\u010dila, ime, priimek in naslov. \t\t\t\t\t\t\t\t<\/div>\n\t\t\t\t<\/div>\n\t\t\t\t<div class=\"elementor-element elementor-element-74b3936 elementor-widget elementor-widget-heading\" data-id=\"74b3936\" data-element_type=\"widget\" data-e-type=\"widget\" data-widget_type=\"heading.default\">\n\t\t\t\t<div class=\"elementor-widget-container\">\n\t\t\t\t\t<h3 class=\"elementor-heading-title elementor-size-default\">Odstop od pogodbe in vra\u010dilo blaga<\/h3>\t\t\t\t<\/div>\n\t\t\t\t<\/div>\n\t\t\t\t<div class=\"elementor-element elementor-element-7ecbcd5 elementor-widget elementor-widget-text-editor\" data-id=\"7ecbcd5\" data-element_type=\"widget\" data-e-type=\"widget\" data-widget_type=\"text-editor.default\">\n\t\t\t\t<div class=\"elementor-widget-container\">\n\t\t\t\t\t\t\t\t\tPotro\u0161nik lahko v 14 dneh od prejema blaga odstopi od naro\u010dila in blago vrne brez navajanja razloga. \n<br>\n<br>\nBlago mora vrniti nepo\u0161kodovano in v enaki koli\u010dini v originalni embala\u017ei, predlo\u017eiti mora tudi originalni ra\u010dun in po\u0161iljko vrniti na svoje stro\u0161ke na naslov: Knjigarna in antikvariat Vodnik, Ciril Metodov trg 15, 1000 Ljubljana. \n<br>\n<br>\n\u010ce ugotovimo, da je blago nepo\u0161kodovano in v isti koli\u010dini, vrnemo kupnino najkasneje v 14 dneh (ne pa tudi stro\u0161ke po\u0161tnine). Stro\u0161ke po\u0161tnine vrnjenih knjig krije potro\u0161nik. Po\u0161iljk z odkupnino NE sprejemamo.\n<br>\n<br>\nKupec odgovarja za zmanj\u0161anje vrednosti blaga, \u010de je zmanj\u0161anje posledica nepravilnega ravnanja z njegove strani.\n\n\n\t\t\t\t\t\t\t\t<\/div>\n\t\t\t\t<\/div>\n\t\t\t\t<div class=\"elementor-element elementor-element-38ee83b elementor-widget elementor-widget-heading\" data-id=\"38ee83b\" data-element_type=\"widget\" data-e-type=\"widget\" data-widget_type=\"heading.default\">\n\t\t\t\t<div class=\"elementor-widget-container\">\n\t\t\t\t\t<h3 class=\"elementor-heading-title elementor-size-default\">Na\u010din pla\u010dila<\/h3>\t\t\t\t<\/div>\n\t\t\t\t<\/div>\n\t\t\t\t<div class=\"elementor-element elementor-element-71cfbb8 elementor-widget elementor-widget-text-editor\" data-id=\"71cfbb8\" data-element_type=\"widget\" data-e-type=\"widget\" data-widget_type=\"text-editor.default\">\n\t\t\t\t<div class=\"elementor-widget-container\">\n\t\t\t\t\t\t\t\t\t<p>Ponudnik izda ra\u010dun z raz\u010dlenjenimi stro\u0161ki. Na\u010din pla\u010dila uporabnik izbere v postopku naro\u010dila.<\/p><p>Uporabnik lahko naro\u010deno blago v spletni trgovini pla\u010da na naslednje na\u010dine:<\/p><ul><li>po predra\u010dunu na TRR: Izdelke lahko kupec pla\u010da preko katerekoli spletne banke ali preko polo\u017enice na banki oz. po\u0161ti na na\u0161 <strong>TRR: SI56 2900 0005 3679 560.<\/strong> Kot referenco vnesite ID naro\u010dila. Naro\u010dilo ne bo odposlano, dokler ni pla\u010dilo vidno na na\u0161em ban\u010dnem ra\u010dunu. V tem primeru je stro\u0161ek po\u0161tnine 4 \u20ac.<\/li><li>po povzetju: v pla\u010dilnih mo\u017enostih lahko kupec izbere opcijo Pla\u010dilo po povzetju (Po\u0161ta Slovenije si v tem primeru zara\u010duna dodatno provizijo po njihovem ceniku, cca. 2 &#8211; 3 eur). V primeru, da kupca v \u010dasu dostave ni doma, lahko naro\u010dene izdelke pla\u010da tudi ob prevzemu v lokalni enoti Po\u0161te Slovenije.<\/li><li>ob osebnem prevzemu v na\u0161i poslovalnici.<\/li><\/ul>\t\t\t\t\t\t\t\t<\/div>\n\t\t\t\t<\/div>\n\t\t\t\t<div class=\"elementor-element elementor-element-419e34e elementor-widget elementor-widget-heading\" data-id=\"419e34e\" data-element_type=\"widget\" data-e-type=\"widget\" data-widget_type=\"heading.default\">\n\t\t\t\t<div class=\"elementor-widget-container\">\n\t\t\t\t\t<h3 class=\"elementor-heading-title elementor-size-default\">Dostava in prevzem<\/h3>\t\t\t\t<\/div>\n\t\t\t\t<\/div>\n\t\t\t\t<div class=\"elementor-element elementor-element-2b41538 elementor-widget elementor-widget-text-editor\" data-id=\"2b41538\" data-element_type=\"widget\" data-e-type=\"widget\" data-widget_type=\"text-editor.default\">\n\t\t\t\t<div class=\"elementor-widget-container\">\n\t\t\t\t\t\t\t\t\t<p><strong>Dostava po po\u0161ti<\/strong><br \/><br \/>Naro\u010dila obdelamo v roku 48 ur. Dostavo izvajamo v sodelovanju s Po\u0161to Slovenija. Za pla\u010dila po predra\u010dunu se zara\u010duna enotna po\u0161tnina 4 \u20ac, ne glede na te\u017eo in \u0161tevilo naro\u010denih knjig. Za pla\u010dila po povzetju si Po\u0161ta Slovenije po svojem ceniku zara\u010duna provizijo. Dobavni rok preko Po\u0161te Slovenije obi\u010dajno traja do tri delovne dni. V \u010dasu praznikov in med vikendi se rok dobave za \u010das dela prostih dni ustrezno podalj\u0161a.<br \/><br \/><br \/><strong>Osebni prevzem v poslovalnici<\/strong><br \/><br \/>Kupec se lahko odlo\u010di tudi za osebni prevzem naro\u010denega blaga in v tem primeru je prevzem brezpla\u010den. Ko je naro\u010dilo pripravljeno, ga ponudnik obvesti, da je mo\u017een prevzem. Prevzem je mo\u017een v na\u0161i poslovalnici na: Knjigarna in antikvariat Vodnik, Ciril-Metodov trg 15, Ljubljana.<br \/><br \/><br \/>Prevzem je mo\u017een vsak dan med 10.00 \u2013 18.00 uro.<br \/><br \/><br \/>Kupec ima na voljo 7 dni, da izdelke prevzame, v nasprotnem primeru se izdelek vrne nazaj v prodajo in naro\u010dilo stornira.<\/p><p><br \/><br \/><\/p><p><br \/><br \/>Pridru\u017eujemo si pravico brez predhodnega obvestila spremeniti splo\u0161ne pogoje poslovanja, prav tako si pridru\u017eujemo pravico do napak in sprememb v cenah in besedilu na spletni strani.<br \/><br \/><br \/>Knjigarna in antikvariat Vodnik<\/p>\t\t\t\t\t\t\t\t<\/div>\n\t\t\t\t<\/div>\n\t\t\t\t\t<\/div>\n\t\t\t\t<\/div>\n\t\t\t\t<\/div>\n\t\t","protected":false},"excerpt":{"rendered":"<p>Informacije o ponudniku in kontaktni podatki Spletna trgovina Knjigarna in antikvariat Vodnik je last podjetja ANTIKVARIAT VODNIK D.O.O., Loka 33, 1370 LOGATEC. ID za DDV: 11241985; Mati\u010dna \u0161tevilka: 9331751000. Nismo \u010dlani nobene\u00a0zbornice ali podpisniki kodeksov. Kontaktni podatki: Telefon: 041 400 406 Email: knjigarna.vodnik@gmail.com Spletna stran: www.antikvariat-vodnik.si Naslov prodajalne: Ciril-Metodov trg 15, Ljubljana TRR: SI56 2900 [&hellip;]<\/p>\n","protected":false},"author":1,"featured_media":0,"parent":0,"menu_order":0,"comment_status":"closed","ping_status":"closed","template":"","meta":{"_monsterinsights_skip_tracking":false,"_monsterinsights_sitenote_active":false,"_monsterinsights_sitenote_note":"","_monsterinsights_sitenote_category":0,"footnotes":""},"class_list":["post-975","page","type-page","status-publish","hentry"],"jetpack_sharing_enabled":true,"_links":{"self":[{"href":"https:\/\/www.antikvariat-vodnik.si\/index.php?rest_route=\/wp\/v2\/pages\/975","targetHints":{"allow":["GET"]}}],"collection":[{"href":"https:\/\/www.antikvariat-vodnik.si\/index.php?rest_route=\/wp\/v2\/pages"}],"about":[{"href":"https:\/\/www.antikvariat-vodnik.si\/index.php?rest_route=\/wp\/v2\/types\/page"}],"author":[{"embeddable":true,"href":"https:\/\/www.antikvariat-vodnik.si\/index.php?rest_route=\/wp\/v2\/users\/1"}],"replies":[{"embeddable":true,"href":"https:\/\/www.antikvariat-vodnik.si\/index.php?rest_route=%2Fwp%2Fv2%2Fcomments&post=975"}],"version-history":[{"count":7,"href":"https:\/\/www.antikvariat-vodnik.si\/index.php?rest_route=\/wp\/v2\/pages\/975\/revisions"}],"predecessor-version":[{"id":66205,"href":"https:\/\/www.antikvariat-vodnik.si\/index.php?rest_route=\/wp\/v2\/pages\/975\/revisions\/66205"}],"wp:attachment":[{"href":"https:\/\/www.antikvariat-vodnik.si\/index.php?rest_route=%2Fwp%2Fv2%2Fmedia&parent=975"}],"curies":[{"name":"wp","href":"https:\/\/api.w.org\/{rel}","templated":true}]}}