{"id":46497,"date":"2023-10-27T15:32:37","date_gmt":"2023-10-27T13:32:37","guid":{"rendered":"https:\/\/www.antikvariat-vodnik.si\/?page_id=46497"},"modified":"2024-01-08T13:32:14","modified_gmt":"2024-01-08T12:32:14","slug":"nasa-zgodba","status":"publish","type":"page","link":"https:\/\/www.antikvariat-vodnik.si\/?page_id=46497","title":{"rendered":"Na\u0161a zgodba"},"content":{"rendered":"\t\t<div data-elementor-type=\"wp-page\" data-elementor-id=\"46497\" class=\"elementor elementor-46497\" data-elementor-post-type=\"page\">\n\t\t\t\t<div class=\"elementor-element elementor-element-1f0eded e-flex e-con-boxed e-con e-parent\" data-id=\"1f0eded\" data-element_type=\"container\" data-e-type=\"container\">\n\t\t\t\t\t<div class=\"e-con-inner\">\n\t\t\t\t<div class=\"elementor-element elementor-element-578d80e elementor-widget elementor-widget-text-editor\" data-id=\"578d80e\" data-element_type=\"widget\" data-e-type=\"widget\" data-widget_type=\"text-editor.default\">\n\t\t\t\t<div class=\"elementor-widget-container\">\n\t\t\t\t\t\t\t\t\t<h3>Zdru\u017eila nas je ljubezen do knjig, ki jo \u017eelimo deliti z vami!<\/h3>\n\n\t\t\t\t\t\t\t\t<\/div>\n\t\t\t\t<\/div>\n\t\t\t\t<div class=\"elementor-element elementor-element-383e855a elementor-widget elementor-widget-text-editor\" data-id=\"383e855a\" data-element_type=\"widget\" data-e-type=\"widget\" data-widget_type=\"text-editor.default\">\n\t\t\t\t<div class=\"elementor-widget-container\">\n\t\t\t\t\t\t\t\t\t<p><strong>Knjigarna in antikvariat Vodnik <\/strong> je prava literarna oaza. Nahaja se v samem centru stare Ljubljane, nasproti stolnice. Pri nas najdete <strong>kvaliteten izbor knjig iz vseh literarnih podro\u010dij<\/strong>. Na\u0161 namen je, da \u0161irimo bralno kulturo in ohranjamo knji\u017eno dedi\u0161\u010dino.<br \/>\n<br \/>\nVsakdo, ki ceni zgodovinsko vrednost besed in u\u017eiva v raziskovanju knjig, se vedno znova rad vra\u010da k nam. <strong>Na\u0161e knji\u017ene police so polne literarnih dragocenosti \u2013 <a href=\"https:\/\/www.antikvariat-vodnik.si\/?product_cat=nove-knjige\"><u>od novih knjig<\/strong><\/u><\/a>, ki vas popeljejo v sodobne literarne svetove, <a href=\"https:\/\/www.antikvariat-vodnik.si\/?product_cat=antikvarne-knjige\"><u><strong>do knjig iz druge roke<\/strong><\/u><\/a>, ki nosijo svojo bralno zgodovino.\n\t\t\t\t\t\t\t\t<\/div>\n\t\t\t\t<\/div>\n\t\t\t\t\t<\/div>\n\t\t\t\t<\/div>\n\t\t<div class=\"elementor-element elementor-element-ff08e8f e-flex e-con-boxed e-con e-parent\" data-id=\"ff08e8f\" data-element_type=\"container\" data-e-type=\"container\">\n\t\t\t\t\t<div class=\"e-con-inner\">\n\t\t<div class=\"elementor-element elementor-element-3501317 e-con-full e-flex e-con e-child\" data-id=\"3501317\" data-element_type=\"container\" data-e-type=\"container\">\n\t\t\t\t<div class=\"elementor-element elementor-element-70abaf1 elementor-widget elementor-widget-text-editor\" data-id=\"70abaf1\" data-element_type=\"widget\" data-e-type=\"widget\" data-widget_type=\"text-editor.default\">\n\t\t\t\t<div class=\"elementor-widget-container\">\n\t\t\t\t\t\t\t\t\t<strong>Antikvariat Vodnik<\/strong> je dru\u017einsko podjetje, ki je nastalo iz ljubezni do pisane besede in starih knjig. V za\u010detku leta 2020 je ustanoviteljica in lastnica <strong>Marjeta Miku\u017e<\/strong>, ob podpori svojega mo\u017ea <strong>Davorina<\/strong>, odprla vrata fizi\u010dne trgovine v centru Ljubljane. Vanjo je vlo\u017eila svoje dragocene dolgoletne izku\u0161nje, ki jih je pridobila kot zaposlena v prej\u0161njih antikvariatih. V bogati ponudbi tako starih kot novih knjig vedno uporablja svoj izostren ob\u010dutek za najbolj iskane knjige. Ljubezen do knjig pa \u017eeli pribli\u017eati \u010dim \u0161ir\u0161emu krogu ljudi. Tako je za\u017eivela tudi <strong>spletna trgovina Antikvariat Vodnik.<\/strong><br \/>\n<br \/>\nV spletni trgovini lahko ljubitelji knjig <strong>izbirate med ve\u010d tiso\u010d naslovi novih, starih, rabljenih in redkih knjig<\/strong>. V na\u0161i fizi\u010dni trgovini pa vas \u010daka \u0161e bolj bogat izbor.<br \/>\n<br \/>\n<strong>Vse antikvarne knjige so v zelo dobrem stanju.<\/strong> Med njimi prevladujejo izdaje, ki so stare 10 let, ali najve\u010d 30 let. Pri starej\u0161ih izdajah pa jasno opozorimo na morebitne sledi uporabe.<\/p>\t\t\t\t\t\t\t\t<\/div>\n\t\t\t\t<\/div>\n\t\t\t\t<\/div>\n\t\t<div class=\"elementor-element elementor-element-ceeb120 e-con-full e-flex e-con e-child\" data-id=\"ceeb120\" data-element_type=\"container\" data-e-type=\"container\">\n\t\t\t\t<div class=\"elementor-element elementor-element-bcf13f2 elementor-widget__width-initial elementor-widget elementor-widget-image\" data-id=\"bcf13f2\" data-element_type=\"widget\" data-e-type=\"widget\" data-widget_type=\"image.default\">\n\t\t\t\t<div class=\"elementor-widget-container\">\n\t\t\t\t\t\t\t\t\t\t\t\t<figure class=\"wp-caption\">\n\t\t\t\t\t\t\t\t\t\t<img fetchpriority=\"high\" decoding=\"async\" width=\"432\" height=\"768\" src=\"https:\/\/www.antikvariat-vodnik.si\/wp-content\/uploads\/2023\/10\/Marjeta-Mikuz-antikvariat-Vodnik.jpg\" class=\"attachment-large size-large wp-image-46481\" alt=\"\" srcset=\"https:\/\/www.antikvariat-vodnik.si\/wp-content\/uploads\/2023\/10\/Marjeta-Mikuz-antikvariat-Vodnik.jpg 432w, https:\/\/www.antikvariat-vodnik.si\/wp-content\/uploads\/2023\/10\/Marjeta-Mikuz-antikvariat-Vodnik-324x576.jpg 324w, https:\/\/www.antikvariat-vodnik.si\/wp-content\/uploads\/2023\/10\/Marjeta-Mikuz-antikvariat-Vodnik-416x740.jpg 416w, https:\/\/www.antikvariat-vodnik.si\/wp-content\/uploads\/2023\/10\/Marjeta-Mikuz-antikvariat-Vodnik-169x300.jpg 169w\" sizes=\"(max-width: 432px) 100vw, 432px\" \/>\t\t\t\t\t\t\t\t\t\t\t<figcaption class=\"widget-image-caption wp-caption-text\">Marjeta Miku\u017e, ustanoviteljica in lastnica Knjigarne in antikvariata Vodnik<\/figcaption>\n\t\t\t\t\t\t\t\t\t\t<\/figure>\n\t\t\t\t\t\t\t\t\t<\/div>\n\t\t\t\t<\/div>\n\t\t\t\t<\/div>\n\t\t<div class=\"elementor-element elementor-element-68cafc3 e-con-full e-flex e-con e-child\" data-id=\"68cafc3\" data-element_type=\"container\" data-e-type=\"container\">\n\t\t\t\t<div class=\"elementor-element elementor-element-7964b5e elementor-widget__width-initial elementor-widget elementor-widget-image\" data-id=\"7964b5e\" data-element_type=\"widget\" data-e-type=\"widget\" data-widget_type=\"image.default\">\n\t\t\t\t<div class=\"elementor-widget-container\">\n\t\t\t\t\t\t\t\t\t\t\t\t<figure class=\"wp-caption\">\n\t\t\t\t\t\t\t\t\t\t<img decoding=\"async\" width=\"432\" height=\"768\" src=\"https:\/\/www.antikvariat-vodnik.si\/wp-content\/uploads\/2023\/10\/Marjeta-in-Davorin-Mikuz.jpg\" class=\"attachment-medium_large size-medium_large wp-image-46482\" alt=\"\" srcset=\"https:\/\/www.antikvariat-vodnik.si\/wp-content\/uploads\/2023\/10\/Marjeta-in-Davorin-Mikuz.jpg 432w, https:\/\/www.antikvariat-vodnik.si\/wp-content\/uploads\/2023\/10\/Marjeta-in-Davorin-Mikuz-324x576.jpg 324w, https:\/\/www.antikvariat-vodnik.si\/wp-content\/uploads\/2023\/10\/Marjeta-in-Davorin-Mikuz-416x740.jpg 416w, https:\/\/www.antikvariat-vodnik.si\/wp-content\/uploads\/2023\/10\/Marjeta-in-Davorin-Mikuz-169x300.jpg 169w\" sizes=\"(max-width: 432px) 100vw, 432px\" \/>\t\t\t\t\t\t\t\t\t\t\t<figcaption class=\"widget-image-caption wp-caption-text\">Marjeta in Davorin Miku\u017e pred poslovalnico v centru Ljubljane<\/figcaption>\n\t\t\t\t\t\t\t\t\t\t<\/figure>\n\t\t\t\t\t\t\t\t\t<\/div>\n\t\t\t\t<\/div>\n\t\t\t\t<\/div>\n\t\t\t\t\t<\/div>\n\t\t\t\t<\/div>\n\t\t<div class=\"elementor-element elementor-element-d8e1e24 e-flex e-con-boxed e-con e-parent\" data-id=\"d8e1e24\" data-element_type=\"container\" data-e-type=\"container\">\n\t\t\t\t\t<div class=\"e-con-inner\">\n\t\t<div class=\"elementor-element elementor-element-c857329 e-con-full e-flex e-con e-child\" data-id=\"c857329\" data-element_type=\"container\" data-e-type=\"container\">\n\t\t\t\t<div class=\"elementor-element elementor-element-a875175 elementor-widget elementor-widget-text-editor\" data-id=\"a875175\" data-element_type=\"widget\" data-e-type=\"widget\" data-widget_type=\"text-editor.default\">\n\t\t\t\t<div class=\"elementor-widget-container\">\n\t\t\t\t\t\t\t\t\t<h3>Knjigarna in antikvariat Vodnik &#8211; Kjer so knjige doma<\/h3>\n<p><strong>Vabimo vas, da nas obi\u0161\u010dete in se prepustite bogatemu izboru knjig.<\/strong> Prepri\u010dajte se o mo\u010di besed, kjer vsaka knjiga pripoveduje svojo edinstveno zgodbo in nas kaj novega tudi nau\u010di. <\/p>\n\n\t\t\t\t\t\t\t\t<\/div>\n\t\t\t\t<\/div>\n\t\t\t\t<\/div>\n\t\t<div class=\"elementor-element elementor-element-683e80f e-con-full e-flex e-con e-child\" data-id=\"683e80f\" data-element_type=\"container\" data-e-type=\"container\">\n\t\t\t\t<div class=\"elementor-element elementor-element-f610593 elementor-blockquote--skin-boxed elementor-blockquote--align-center elementor-blockquote--button-view-text elementor-blockquote--button-skin-link elementor-blockquote--button-color-official elementor-widget elementor-widget-blockquote\" data-id=\"f610593\" data-element_type=\"widget\" data-e-type=\"widget\" data-widget_type=\"blockquote.default\">\n\t\t\t\t<div class=\"elementor-widget-container\">\n\t\t\t\t\t\t\t<blockquote class=\"elementor-blockquote\">\n\t\t\t<p class=\"elementor-blockquote__content\">\n\t\t\t\t<i>\"Pri nas verjamemo, da so knjige ve\u010d kot<br> le besede na papirju. So nosilke misli, izjemne dedi\u0161\u010dine ter neprecenljiv vir znanja in navdiha.\"<\/i>\t\t\t<\/p>\n\t\t\t\t\t\t\t<div class=\"e-q-footer\">\n\t\t\t\t\t\t\t\t\t\t\t\t\t\t\t\t<a href=\"https:\/\/twitter.com\/intent\/tweet?text=%3Ci%3E%22Pri%20nas%20verjamemo%2C%20da%20so%20knjige%20ve%C4%8D%20kot%3Cbr%3E%20le%20besede%20na%20papirju.%20So%20nosilke%20misli%2C%20izjemne%20dedi%C5%A1%C4%8Dine%20ter%20neprecenljiv%20vir%20znanja%20in%20navdiha.%22%3C%2Fi%3E\" class=\"elementor-blockquote__tweet-button\" target=\"_blank\">\n\t\t\t\t\t\t\t\t\t\t\t\t\t\t\t\t\t\t\t\t\t\t<span class=\"elementor-blockquote__tweet-label\"><\/span>\n\t\t\t\t\t\t\t\t\t\t\t\t\t<\/a>\n\t\t\t\t\t\t\t\t\t<\/div>\n\t\t\t\t\t<\/blockquote>\n\t\t\t\t\t\t<\/div>\n\t\t\t\t<\/div>\n\t\t\t\t<\/div>\n\t\t\t\t\t<\/div>\n\t\t\t\t<\/div>\n\t\t<div class=\"elementor-element elementor-element-0a35735 e-flex e-con-boxed e-con e-parent\" data-id=\"0a35735\" data-element_type=\"container\" data-e-type=\"container\">\n\t\t\t\t\t<div class=\"e-con-inner\">\n\t\t\t\t<div class=\"elementor-element elementor-element-af32c11 elementor-widget-divider--view-line_icon elementor-widget-divider--separator-type-pattern elementor-widget-divider--no-spacing elementor-view-default elementor-widget-divider--element-align-center elementor-widget elementor-widget-divider\" data-id=\"af32c11\" data-element_type=\"widget\" data-e-type=\"widget\" data-widget_type=\"divider.default\">\n\t\t\t\t<div class=\"elementor-widget-container\">\n\t\t\t\t\t\t\t<div class=\"elementor-divider\" style=\"--divider-pattern-url: url(&quot;data:image\/svg+xml,%3Csvg xmlns=&#039;http:\/\/www.w3.org\/2000\/svg&#039; preserveAspectRatio=&#039;xMidYMid meet&#039; overflow=&#039;visible&#039; height=&#039;100%&#039; viewBox=&#039;0 0 120 26&#039; fill=&#039;black&#039; stroke=&#039;none&#039;%3E%3Cpath d=&#039;M54,1.6V26h-9V2.5L54,1.6z M69,1.6v23.3L60,26V1.6H69z M24,1.6v23.5l-9-0.6V1.6H24z M30,0l9,0.7v24.5h-9V0z M9,2.5v22H0V3.7L9,2.5z M75,1.6l9,0.9v22h-9V1.6z M99,2.7v21.7h-9V3.8L99,2.7z M114,3.8v20.7l-9-0.5V3.8L114,3.8z&#039;\/%3E%3C\/svg%3E&quot;);\">\n\t\t\t<span class=\"elementor-divider-separator\">\n\t\t\t\t\t\t\t<div class=\"elementor-icon elementor-divider__element\">\n\t\t\t\t\t<svg aria-hidden=\"true\" class=\"e-font-icon-svg e-fas-book-open\" viewBox=\"0 0 576 512\" xmlns=\"http:\/\/www.w3.org\/2000\/svg\"><path d=\"M542.22 32.05c-54.8 3.11-163.72 14.43-230.96 55.59-4.64 2.84-7.27 7.89-7.27 13.17v363.87c0 11.55 12.63 18.85 23.28 13.49 69.18-34.82 169.23-44.32 218.7-46.92 16.89-.89 30.02-14.43 30.02-30.66V62.75c.01-17.71-15.35-31.74-33.77-30.7zM264.73 87.64C197.5 46.48 88.58 35.17 33.78 32.05 15.36 31.01 0 45.04 0 62.75V400.6c0 16.24 13.13 29.78 30.02 30.66 49.49 2.6 149.59 12.11 218.77 46.95 10.62 5.35 23.21-1.94 23.21-13.46V100.63c0-5.29-2.62-10.14-7.27-12.99z\"><\/path><\/svg><\/div>\n\t\t\t\t\t\t<\/span>\n\t\t<\/div>\n\t\t\t\t\t\t<\/div>\n\t\t\t\t<\/div>\n\t\t\t\t\t<\/div>\n\t\t\t\t<\/div>\n\t\t<div class=\"elementor-element elementor-element-d0bbe6c e-flex e-con-boxed e-con e-parent\" data-id=\"d0bbe6c\" data-element_type=\"container\" data-e-type=\"container\">\n\t\t\t\t\t<div class=\"e-con-inner\">\n\t\t<div class=\"elementor-element elementor-element-5557cda e-con-full e-flex e-con e-child\" data-id=\"5557cda\" data-element_type=\"container\" data-e-type=\"container\">\n\t\t\t\t<div class=\"elementor-element elementor-element-766d637 elementor-widget elementor-widget-text-editor\" data-id=\"766d637\" data-element_type=\"widget\" data-e-type=\"widget\" data-widget_type=\"text-editor.default\">\n\t\t\t\t<div class=\"elementor-widget-container\">\n\t\t\t\t\t\t\t\t\t<h3>Od kod izvor &#8220;Vodnik&#8221; v na\u0161em nazivu Knjigarne in antikvariata Vodnik?<\/h3>\n\t\t\t\t\t\t\t\t<\/div>\n\t\t\t\t<\/div>\n\t\t\t\t<div class=\"elementor-element elementor-element-b212199 elementor-widget elementor-widget-text-editor\" data-id=\"b212199\" data-element_type=\"widget\" data-e-type=\"widget\" data-widget_type=\"text-editor.default\">\n\t\t\t\t<div class=\"elementor-widget-container\">\n\t\t\t\t\t\t\t\t\t<p><strong>Valentin Vodnik<\/strong> je bil pomemben slovenski pesnik, duhovnik in jezikoslovec, rojen 3. februarja 1758 v \u0160i\u0161ki pri Ljubljani, umrl pa je 8. januarja 1819. Je eden od klju\u010dnih osebnosti v slovenski literarni in kulturni zgodovini, znan predvsem kot avtor prve slovenske pesni\u0161ke zbirke.<\/p>Poleg literarnih prispevkov je <strong>Vodnik<\/strong> pomembno prispeval k razvoju slovenskega jezika. S svojim delom na podro\u010dju jezikoslovja in izobra\u017eevanja je pomembno vplival na oblikovanje in standardizacijo slovenskega knji\u017enega jezika.\n<br>\n<br>\n<strong>Valentin Vodnik<\/strong> je bil torej klju\u010dna figura v zgodnjem obdobju slovenske literarne in kulturne zgodovine, njegov prispevek pa je temelj za razvoj slovenske knji\u017eevnosti in jezika.\n<br>\n<br>\nV neposredni bli\u017eini na\u0161e poslovalnice, v centru Ljubljane, se nahaja njegov spomenik. V \u010dast <strong>Valentinu Vodniku<\/strong>, ki je imel klju\u010dno vlogo pri razvoju slovenske literature in jezika, smo se odlo\u010dili poimenovati tudi na\u0161o Knjigarno in antikvariat Vodnik. Tako simboli\u010dno ustvarjamo posebno kulturno sredi\u0161\u010de, kjer \u0161irimo bralno kulturo in ohranjamo knji\u017eno dedi\u0161\u010dino.\t\t\t\t\t\t\t\t<\/div>\n\t\t\t\t<\/div>\n\t\t\t\t<\/div>\n\t\t<div class=\"elementor-element elementor-element-e9a8ded e-con-full e-flex e-con e-child\" data-id=\"e9a8ded\" data-element_type=\"container\" data-e-type=\"container\">\n\t\t\t\t<div class=\"elementor-element elementor-element-89d4a45 elementor-widget elementor-widget-image\" data-id=\"89d4a45\" data-element_type=\"widget\" data-e-type=\"widget\" data-widget_type=\"image.default\">\n\t\t\t\t<div class=\"elementor-widget-container\">\n\t\t\t\t\t\t\t\t\t\t\t\t<figure class=\"wp-caption\">\n\t\t\t\t\t\t\t\t\t\t<img decoding=\"async\" width=\"332\" height=\"438\" src=\"https:\/\/www.antikvariat-vodnik.si\/wp-content\/uploads\/2023\/12\/valentin-vodnik.jpg\" class=\"attachment-large size-large wp-image-49056\" alt=\"\" srcset=\"https:\/\/www.antikvariat-vodnik.si\/wp-content\/uploads\/2023\/12\/valentin-vodnik.jpg 332w, https:\/\/www.antikvariat-vodnik.si\/wp-content\/uploads\/2023\/12\/valentin-vodnik-324x427.jpg 324w, https:\/\/www.antikvariat-vodnik.si\/wp-content\/uploads\/2023\/12\/valentin-vodnik-227x300.jpg 227w\" sizes=\"(max-width: 332px) 100vw, 332px\" \/>\t\t\t\t\t\t\t\t\t\t\t<figcaption class=\"widget-image-caption wp-caption-text\">Valentin Vodnik (Vir slike: NUK)<\/figcaption>\n\t\t\t\t\t\t\t\t\t\t<\/figure>\n\t\t\t\t\t\t\t\t\t<\/div>\n\t\t\t\t<\/div>\n\t\t\t\t<\/div>\n\t\t\t\t\t<\/div>\n\t\t\t\t<\/div>\n\t\t\t\t<\/div>\n\t\t","protected":false},"excerpt":{"rendered":"<p>Zdru\u017eila nas je ljubezen do knjig, ki jo \u017eelimo deliti z vami! Knjigarna in antikvariat Vodnik je prava literarna oaza. Nahaja se v samem centru stare Ljubljane, nasproti stolnice. Pri nas najdete kvaliteten izbor knjig iz vseh literarnih podro\u010dij. Na\u0161 namen je, da \u0161irimo bralno kulturo in ohranjamo knji\u017eno dedi\u0161\u010dino. Vsakdo, ki ceni zgodovinsko vrednost [&hellip;]<\/p>\n","protected":false},"author":2,"featured_media":0,"parent":0,"menu_order":0,"comment_status":"closed","ping_status":"closed","template":"","meta":{"_monsterinsights_skip_tracking":false,"_monsterinsights_sitenote_active":false,"_monsterinsights_sitenote_note":"","_monsterinsights_sitenote_category":0,"footnotes":""},"class_list":["post-46497","page","type-page","status-publish","hentry"],"jetpack_sharing_enabled":true,"_links":{"self":[{"href":"https:\/\/www.antikvariat-vodnik.si\/index.php?rest_route=\/wp\/v2\/pages\/46497","targetHints":{"allow":["GET"]}}],"collection":[{"href":"https:\/\/www.antikvariat-vodnik.si\/index.php?rest_route=\/wp\/v2\/pages"}],"about":[{"href":"https:\/\/www.antikvariat-vodnik.si\/index.php?rest_route=\/wp\/v2\/types\/page"}],"author":[{"embeddable":true,"href":"https:\/\/www.antikvariat-vodnik.si\/index.php?rest_route=\/wp\/v2\/users\/2"}],"replies":[{"embeddable":true,"href":"https:\/\/www.antikvariat-vodnik.si\/index.php?rest_route=%2Fwp%2Fv2%2Fcomments&post=46497"}],"version-history":[{"count":5,"href":"https:\/\/www.antikvariat-vodnik.si\/index.php?rest_route=\/wp\/v2\/pages\/46497\/revisions"}],"predecessor-version":[{"id":49556,"href":"https:\/\/www.antikvariat-vodnik.si\/index.php?rest_route=\/wp\/v2\/pages\/46497\/revisions\/49556"}],"wp:attachment":[{"href":"https:\/\/www.antikvariat-vodnik.si\/index.php?rest_route=%2Fwp%2Fv2%2Fmedia&parent=46497"}],"curies":[{"name":"wp","href":"https:\/\/api.w.org\/{rel}","templated":true}]}}